{"id":160,"date":"2024-01-23T11:45:27","date_gmt":"2024-01-23T11:45:27","guid":{"rendered":"https:\/\/belsootthon.hu\/?page_id=160"},"modified":"2024-02-20T14:20:40","modified_gmt":"2024-02-20T14:20:40","slug":"szimbolum-tanacsadas","status":"publish","type":"page","link":"https:\/\/belsootthon.hu\/index.php\/szimbolum-tanacsadas\/","title":{"rendered":"Szimb\u00f3lum tan\u00e1csad\u00e1s"},"content":{"rendered":"\t\t<div data-elementor-type=\"wp-page\" data-elementor-id=\"160\" class=\"elementor elementor-160\">\n\t\t\t\t<div class=\"elementor-element elementor-element-17c62a73 e-flex e-con-boxed e-con e-parent\" data-id=\"17c62a73\" data-element_type=\"container\" data-settings=\"{&quot;content_width&quot;:&quot;boxed&quot;}\" data-core-v316-plus=\"true\">\n\t\t\t\t\t<div class=\"e-con-inner\">\n\t\t\t\t<div class=\"elementor-element elementor-element-17258fde elementor-widget elementor-widget-text-editor\" data-id=\"17258fde\" data-element_type=\"widget\" data-widget_type=\"text-editor.default\">\n\t\t\t\t<div class=\"elementor-widget-container\">\n\t\t\t<style>\/*! elementor - v3.19.0 - 07-02-2024 *\/\n.elementor-widget-text-editor.elementor-drop-cap-view-stacked .elementor-drop-cap{background-color:#69727d;color:#fff}.elementor-widget-text-editor.elementor-drop-cap-view-framed .elementor-drop-cap{color:#69727d;border:3px solid;background-color:transparent}.elementor-widget-text-editor:not(.elementor-drop-cap-view-default) .elementor-drop-cap{margin-top:8px}.elementor-widget-text-editor:not(.elementor-drop-cap-view-default) .elementor-drop-cap-letter{width:1em;height:1em}.elementor-widget-text-editor .elementor-drop-cap{float:left;text-align:center;line-height:1;font-size:50px}.elementor-widget-text-editor .elementor-drop-cap-letter{display:inline-block}<\/style>\t\t\t\t<!-- wp:paragraph -->\n<p>A szimb\u00f3lumok nemcsak otthonunk d\u00edszei, hanem lelk\u00fcnk \u00fczeneteit k\u00f6zvet\u00edt\u0151 eszk\u00f6z\u00f6k. Tov\u00e1bb\u00e1 energi\u00e1kat sug\u00e1roznak \u00e9s mozg\u00f3s\u00edtanak, ez\u00e9rt a t\u00e9rrendez\u00e9sben is kiemelt szerep\u00fck van. <\/p>\n<!-- \/wp:paragraph -->\n\n<!-- wp:paragraph -->\n<p>A szimb\u00f3lumok csod\u00e1k, mert:<\/p>\n<!-- \/wp:paragraph -->\n\n<!-- wp:list -->\n<ul><!-- wp:list-item -->\n<li>meg\u00e9rintenek,<\/li>\n<!-- \/wp:list-item -->\n\n<!-- wp:list-item -->\n<li>meg\u00e9rz\u00e9seinken kereszt\u00fcl hatnak,<\/li>\n<!-- \/wp:list-item -->\n\n<!-- wp:list-item -->\n<li>inspir\u00e1lnak,<\/li>\n<!-- \/wp:list-item -->\n\n<!-- wp:list-item -->\n<li>tudattalanunkb\u00f3l fakadnak,<\/li>\n<!-- \/wp:list-item -->\n\n<!-- wp:list-item -->\n<li>hozz\u00e1seg\u00edtenek az \u00f6nismerethez,<\/li>\n<!-- \/wp:list-item -->\n\n<!-- wp:list-item -->\n<li>megmutatj\u00e1k bels\u0151 v\u00e1gyainkat, motiv\u00e1ci\u00f3inkat,<\/li>\n<!-- \/wp:list-item -->\n\n<!-- wp:list-item -->\n<li>seg\u00edts\u00e9g\u00fckkel mozgos\u00edthatjuk a bels\u0151 er\u0151inket, <\/li>\n<!-- \/wp:list-item -->\n\n<!-- wp:list-item -->\n<li>ez\u00e1ltal hozz\u00e1seg\u00edtenek a kibontakoz\u00e1shoz.<\/li>\n<!-- \/wp:list-item --><\/ul>\n<!-- \/wp:list -->\n\n<!-- wp:image {\"id\":475,\"sizeSlug\":\"full\",\"linkDestination\":\"none\"} -->\n<figure class=\"wp-block-image size-full\"><img decoding=\"async\" src=\"https:\/\/belsootthon.hu\/wp-content\/uploads\/2024\/01\/IMG_3413JO.jpg\" alt=\"\" class=\"wp-image-475\"\/><\/figure>\n<!-- \/wp:image -->\n\n<!-- wp:paragraph -->\n<p>A szimb\u00f3lumok megfejt\u00e9s\u00e9hez anal\u00f3gi\u00e1s l\u00e1t\u00e1sm\u00f3d sz\u00fcks\u00e9ges ill. egyfajta intuit\u00edv \u00e1llapotban val\u00f3 szeml\u00e9l\u00e9s. A legjobb, ha siker\u00fcl az otthonunk szimb\u00f3lumait m\u00e1sk\u00e9pp n\u00e9zni, ami azt jelenti, hogy &#8220;k\u00edv\u00fclr\u0151l r\u00e1n\u00e9zni&#8221;. A szimb\u00f3lumok megfejt\u00e9se nem egyoldal\u00fa, teh\u00e1t nem arr\u00f3l van sz\u00f3, hogy a tan\u00e1csad\u00f3 konkr\u00e9tan megmondja,  hogy mi mit jelent. Enn\u00e9l sokkal t\u00f6bb, hiszen a szimb\u00f3lumoknak szem\u00e9lyes \u00fczenete is van. K\u00f6z\u00f6s munka ez, egy olyan folyamat, amiben a szimb\u00f3lumok megmutatj\u00e1k rejtett \u00fczeneteiket. <\/p>\n<!-- \/wp:paragraph -->\n\n<!-- wp:paragraph -->\n<p>A szimb\u00f3lum tan\u00e1csad\u00e1s kiterjed \u00faj szimb\u00f3lumok kiv\u00e1laszt\u00e1s\u00e1ra is. Ebben nagy tapasztalatom van, hiszen \u00fcvegfest\u0151k\u00e9nt m\u00e1r t\u00f6bb mint t\u00edz \u00e9ve seg\u00edtek megrendel\u0151imnek a sz\u00e1munkra legink\u00e1bb t\u00e1pl\u00e1l\u00f3 szimb\u00f3lumok kiv\u00e1laszt\u00e1s\u00e1ban. <a href=\"https:\/\/gabiglassart.com\/kategoria\/oriasorak-2\/\">T\u00e9rrendez\u00e9s kollekci\u00f3m <\/a>alkot\u00e1sain\u00e1l olvashatsz az egyes szimb\u00f3lumok hat\u00e1s\u00e1r\u00f3l a t\u00e9rben. <\/p>\n<!-- \/wp:paragraph -->\n\n<!-- wp:image {\"id\":483,\"sizeSlug\":\"large\",\"linkDestination\":\"none\"} -->\n<figure class=\"wp-block-image size-large\"><img fetchpriority=\"high\" decoding=\"async\" width=\"1024\" height=\"795\" src=\"https:\/\/belsootthon.hu\/wp-content\/uploads\/2024\/01\/Nemetne-Weber-Gabriella-1024x795.jpg\" alt=\"\" class=\"wp-image-483\" srcset=\"https:\/\/belsootthon.hu\/wp-content\/uploads\/2024\/01\/Nemetne-Weber-Gabriella-1024x795.jpg 1024w, https:\/\/belsootthon.hu\/wp-content\/uploads\/2024\/01\/Nemetne-Weber-Gabriella-300x233.jpg 300w, https:\/\/belsootthon.hu\/wp-content\/uploads\/2024\/01\/Nemetne-Weber-Gabriella-768x597.jpg 768w, https:\/\/belsootthon.hu\/wp-content\/uploads\/2024\/01\/Nemetne-Weber-Gabriella-1536x1193.jpg 1536w, https:\/\/belsootthon.hu\/wp-content\/uploads\/2024\/01\/Nemetne-Weber-Gabriella-77x60.jpg 77w, https:\/\/belsootthon.hu\/wp-content\/uploads\/2024\/01\/Nemetne-Weber-Gabriella-1320x1025.jpg 1320w, https:\/\/belsootthon.hu\/wp-content\/uploads\/2024\/01\/Nemetne-Weber-Gabriella.jpg 1980w\" sizes=\"(max-width: 1024px) 100vw, 1024px\" \/><\/figure>\n<!-- \/wp:image -->\n\n<!-- wp:paragraph -->\n<p>A szimb\u00f3lum tan\u00e1csad\u00e1st h\u00e1romf\u00e9le m\u00f3don lehet ig\u00e9nybe venni:<\/p>\n<!-- \/wp:paragraph -->\n\n<!-- wp:list -->\n<ul><!-- wp:list-item -->\n<li>Szem\u00e9lyesen az otthonodban t\u00e9rrendez\u00e9s tan\u00e1csad\u00e1s keret\u00e9n bel\u00fcl,<\/li>\n<!-- \/wp:list-item -->\n\n<!-- wp:list-item -->\n<li>Online fot\u00f3kkal, vide\u00f3s konzult\u00e1ci\u00f3val, <\/li>\n<!-- \/wp:list-item -->\n\n<!-- wp:list-item -->\n<li>Szem\u00e9lyesen Pilissz\u00e1nt\u00f3n az irod\u00e1mban.<\/li>\n<!-- \/wp:list-item --><\/ul>\n<!-- \/wp:list -->\n\n<!-- wp:paragraph -->\n<p><strong>Helysz\u00edni tan\u00e1csad\u00e1s \u00e1ra<\/strong>: 40 000ft (kb. 1,5- 2 \u00f3r\u00e1s) Nagyobb ingatlan ill. r\u00e9szletes tan\u00e1csad\u00e1s eset\u00e9n minden tov\u00e1bbi \u00f3ra: 15 000 forint + kisz\u00e1ll\u00e1si d\u00edj<\/p>\n<!-- \/wp:paragraph -->\n\n<!-- wp:paragraph -->\n<p><strong>Kisz\u00e1ll\u00e1si d\u00edj:<\/strong>&nbsp;oda-vissza \u00fatra benzink\u00f6lts\u00e9g (Pilissz\u00e1nt\u00f3r\u00f3l sz\u00e1molva 100 ft\/km), esetlegesen p\u00e1lyamatrica fizetend\u0151.&nbsp;Budapesten a kisz\u00e1ll\u00e1si d\u00edj: 10000ft.<\/p>\n<!-- \/wp:paragraph -->\n\n<!-- wp:paragraph -->\n<p><strong>Online, vagy szem\u00e9lyes tan\u00e1csad\u00e1s Pilissz\u00e1nt\u00f3i irod\u00e1mban<\/strong>: 15 000ft\/\u00f3ra. Ezt akkor aj\u00e1nlom, ha a t\u00e1vols\u00e1g, vagy egy\u00e9b m\u00e1s ok miatt nem megoldhat\u00f3 a helysz\u00edni tan\u00e1csad\u00e1s. \u00c9n els\u0151sorban a helysz\u00edni tan\u00e1csad\u00e1st javaslom, de tapasztalataim szerint fot\u00f3kkal, vide\u00f3val hat\u00e9konyan tud m\u0171k\u00f6dni ez is.&nbsp;<\/p>\n<!-- \/wp:paragraph -->\n\n<!-- wp:paragraph -->\n<p>\u00c9rdekl\u0151d\u00e9sedet v\u00e1rom szeretettel \ud83d\ude42<\/p>\n<!-- \/wp:paragraph -->\n\n<!-- wp:paragraph -->\n<p>Gabi<\/p>\n<!-- \/wp:paragraph -->\n\n<!-- wp:image {\"id\":485,\"sizeSlug\":\"full\",\"linkDestination\":\"none\"} -->\n<figure class=\"wp-block-image size-full\"><img decoding=\"async\" width=\"2560\" height=\"1920\" src=\"https:\/\/belsootthon.hu\/wp-content\/uploads\/2024\/01\/70576471_2308103856169674_8478538241446772736_n-scaled.jpg\" alt=\"\" class=\"wp-image-485\" srcset=\"https:\/\/belsootthon.hu\/wp-content\/uploads\/2024\/01\/70576471_2308103856169674_8478538241446772736_n-scaled.jpg 2560w, https:\/\/belsootthon.hu\/wp-content\/uploads\/2024\/01\/70576471_2308103856169674_8478538241446772736_n-300x225.jpg 300w, https:\/\/belsootthon.hu\/wp-content\/uploads\/2024\/01\/70576471_2308103856169674_8478538241446772736_n-1024x768.jpg 1024w, https:\/\/belsootthon.hu\/wp-content\/uploads\/2024\/01\/70576471_2308103856169674_8478538241446772736_n-768x576.jpg 768w, https:\/\/belsootthon.hu\/wp-content\/uploads\/2024\/01\/70576471_2308103856169674_8478538241446772736_n-1536x1152.jpg 1536w, https:\/\/belsootthon.hu\/wp-content\/uploads\/2024\/01\/70576471_2308103856169674_8478538241446772736_n-2048x1536.jpg 2048w, https:\/\/belsootthon.hu\/wp-content\/uploads\/2024\/01\/70576471_2308103856169674_8478538241446772736_n-80x60.jpg 80w, https:\/\/belsootthon.hu\/wp-content\/uploads\/2024\/01\/70576471_2308103856169674_8478538241446772736_n-640x480.jpg 640w, https:\/\/belsootthon.hu\/wp-content\/uploads\/2024\/01\/70576471_2308103856169674_8478538241446772736_n-110x83.jpg 110w, https:\/\/belsootthon.hu\/wp-content\/uploads\/2024\/01\/70576471_2308103856169674_8478538241446772736_n-1320x990.jpg 1320w\" sizes=\"(max-width: 2560px) 100vw, 2560px\" \/><\/figure>\n<!-- \/wp:image -->\n\n<!-- wp:paragraph -->\n<p><\/p>\n<!-- \/wp:paragraph -->\n\n<!-- wp:paragraph -->\n<p><\/p>\n<!-- \/wp:paragraph -->\t\t\t\t\t\t<\/div>\n\t\t\t\t<\/div>\n\t\t\t\t\t<\/div>\n\t\t\t\t<\/div>\n\t\t<div class=\"elementor-element elementor-element-fdba181 e-flex e-con-boxed e-con e-parent\" data-id=\"fdba181\" data-element_type=\"container\" data-settings=\"{&quot;content_width&quot;:&quot;boxed&quot;}\" data-core-v316-plus=\"true\">\n\t\t\t\t\t<div class=\"e-con-inner\">\n\t\t\t\t<div class=\"elementor-element elementor-element-d9e74c4 elementor-widget elementor-widget-heading\" data-id=\"d9e74c4\" data-element_type=\"widget\" data-widget_type=\"heading.default\">\n\t\t\t\t<div class=\"elementor-widget-container\">\n\t\t\t<style>\/*! elementor - v3.19.0 - 07-02-2024 *\/\n.elementor-heading-title{padding:0;margin:0;line-height:1}.elementor-widget-heading .elementor-heading-title[class*=elementor-size-]>a{color:inherit;font-size:inherit;line-height:inherit}.elementor-widget-heading .elementor-heading-title.elementor-size-small{font-size:15px}.elementor-widget-heading .elementor-heading-title.elementor-size-medium{font-size:19px}.elementor-widget-heading .elementor-heading-title.elementor-size-large{font-size:29px}.elementor-widget-heading .elementor-heading-title.elementor-size-xl{font-size:39px}.elementor-widget-heading .elementor-heading-title.elementor-size-xxl{font-size:59px}<\/style><h2 class=\"elementor-heading-title elementor-size-default\">Kapcsolatfelv\u00e9tel<\/h2>\t\t<\/div>\n\t\t\t\t<\/div>\n\t\t\t\t\t<\/div>\n\t\t\t\t<\/div>\n\t\t<div class=\"elementor-element elementor-element-ff40b04 e-flex e-con-boxed e-con e-parent\" data-id=\"ff40b04\" data-element_type=\"container\" data-settings=\"{&quot;content_width&quot;:&quot;boxed&quot;}\" data-core-v316-plus=\"true\">\n\t\t\t\t\t<div class=\"e-con-inner\">\n\t\t<div class=\"elementor-element elementor-element-8c10d95 e-con-full e-flex e-con e-child\" data-id=\"8c10d95\" data-element_type=\"container\" data-settings=\"{&quot;content_width&quot;:&quot;full&quot;}\">\n\t\t\t\t<div class=\"elementor-element elementor-element-558a152 elementor-widget elementor-widget-shortcode\" data-id=\"558a152\" data-element_type=\"widget\" data-widget_type=\"shortcode.default\">\n\t\t\t\t<div class=\"elementor-widget-container\">\n\t\t\t\t\t<div class=\"elementor-shortcode\"><div class=\"wpforms-container wpforms-container-full wpforms-render-modern\" id=\"wpforms-320\"><form id=\"wpforms-form-320\" class=\"wpforms-validate wpforms-form wpforms-ajax-form\" data-formid=\"320\" method=\"post\" enctype=\"multipart\/form-data\" action=\"\/index.php\/wp-json\/wp\/v2\/pages\/160\" data-token=\"51f35ba27bc6076fff73872bb609346c\"><noscript class=\"wpforms-error-noscript\">Please enable JavaScript in your browser to complete this form.<\/noscript><div class=\"wpforms-hidden\" id=\"wpforms-error-noscript\">Please enable JavaScript in your browser to complete this form.<\/div><div class=\"wpforms-field-container\"><div id=\"wpforms-320-field_0-container\" class=\"wpforms-field wpforms-field-name\" data-field-id=\"0\"><label class=\"wpforms-field-label\" for=\"wpforms-320-field_0\">N\u00e9v <span class=\"wpforms-required-label\" aria-hidden=\"true\">*<\/span><\/label><input type=\"text\" id=\"wpforms-320-field_0\" class=\"wpforms-field-medium wpforms-field-required\" name=\"wpforms[fields][0]\" aria-errormessage=\"wpforms-320-field_0-error\" required><\/div><div id=\"wpforms-320-field_1-container\" class=\"wpforms-field wpforms-field-email\" data-field-id=\"1\"><label class=\"wpforms-field-label\" for=\"wpforms-320-field_1\">E-mail <span class=\"wpforms-required-label\" aria-hidden=\"true\">*<\/span><\/label><input type=\"email\" id=\"wpforms-320-field_1\" class=\"wpforms-field-medium wpforms-field-required\" name=\"wpforms[fields][1]\" spellcheck=\"false\" aria-errormessage=\"wpforms-320-field_1-error\" required><\/div><div id=\"wpforms-320-field_2-container\" class=\"wpforms-field wpforms-field-textarea\" data-field-id=\"2\"><label class=\"wpforms-field-label\" for=\"wpforms-320-field_2\">\u00dczenet<\/label><textarea id=\"wpforms-320-field_2\" class=\"wpforms-field-medium wpforms-limit-characters-enabled\" data-form-id=\"320\" data-field-id=\"2\" data-text-limit=\"2000\" name=\"wpforms[fields][2]\" aria-errormessage=\"wpforms-320-field_2-error\" maxlength=\"2000\" ><\/textarea><\/div><\/div><!-- .wpforms-field-container --><div class=\"wpforms-recaptcha-container wpforms-is-hcaptcha\" ><div class=\"g-recaptcha\" data-sitekey=\"cb59c5ad-0365-4448-9de2-9a442437dbed\"><\/div><input type=\"text\" name=\"g-recaptcha-hidden\" class=\"wpforms-recaptcha-hidden\" style=\"position:absolute!important;clip:rect(0,0,0,0)!important;height:1px!important;width:1px!important;border:0!important;overflow:hidden!important;padding:0!important;margin:0!important;\" data-rule-hcaptcha=\"1\"><\/div><div class=\"wpforms-submit-container\" ><input type=\"hidden\" name=\"wpforms[id]\" value=\"320\"><input type=\"hidden\" name=\"wpforms[author]\" value=\"1\"><button type=\"submit\" name=\"wpforms[submit]\" id=\"wpforms-submit-320\" class=\"wpforms-submit\" data-alt-text=\"Folyamatban...\" data-submit-text=\"K\u00fcld\u00e9s\" aria-live=\"assertive\" value=\"wpforms-submit\">K\u00fcld\u00e9s<\/button><img decoding=\"async\" src=\"https:\/\/belsootthon.hu\/wp-content\/plugins\/wpforms-lite\/assets\/images\/submit-spin.svg\" class=\"wpforms-submit-spinner\" style=\"display: none;\" width=\"26\" height=\"26\" alt=\"Loading\"><\/div><\/form><\/div>  <!-- .wpforms-container --><\/div>\n\t\t\t\t<\/div>\n\t\t\t\t<\/div>\n\t\t\t\t<\/div>\n\t\t<div class=\"elementor-element elementor-element-2d6a90b e-con-full e-flex e-con e-child\" data-id=\"2d6a90b\" data-element_type=\"container\" data-settings=\"{&quot;content_width&quot;:&quot;full&quot;}\">\n\t\t\t\t<\/div>\n\t\t\t\t\t<\/div>\n\t\t\t\t<\/div>\n\t\t\t\t<\/div>\n\t\t","protected":false},"excerpt":{"rendered":"<p>A szimb\u00f3lumok nemcsak otthonunk d\u00edszei, hanem lelk\u00fcnk \u00fczeneteit k\u00f6zvet\u00edt\u0151 eszk\u00f6z\u00f6k. Tov\u00e1bb\u00e1 energi\u00e1kat sug\u00e1roznak \u00e9s mozg\u00f3s\u00edtanak, ez\u00e9rt a t\u00e9rrendez\u00e9sben is kiemelt szerep\u00fck van. A szimb\u00f3lumok csod\u00e1k, mert: A szimb\u00f3lumok megfejt\u00e9s\u00e9hez anal\u00f3gi\u00e1s &hellip; <\/p>\n","protected":false},"author":1,"featured_media":242,"parent":0,"menu_order":0,"comment_status":"closed","ping_status":"closed","template":"","meta":{"ngg_post_thumbnail":0,"footnotes":""},"class_list":["post-160","page","type-page","status-publish","has-post-thumbnail","hentry","latest_post"],"_links":{"self":[{"href":"https:\/\/belsootthon.hu\/index.php\/wp-json\/wp\/v2\/pages\/160","targetHints":{"allow":["GET"]}}],"collection":[{"href":"https:\/\/belsootthon.hu\/index.php\/wp-json\/wp\/v2\/pages"}],"about":[{"href":"https:\/\/belsootthon.hu\/index.php\/wp-json\/wp\/v2\/types\/page"}],"author":[{"embeddable":true,"href":"https:\/\/belsootthon.hu\/index.php\/wp-json\/wp\/v2\/users\/1"}],"replies":[{"embeddable":true,"href":"https:\/\/belsootthon.hu\/index.php\/wp-json\/wp\/v2\/comments?post=160"}],"version-history":[{"count":7,"href":"https:\/\/belsootthon.hu\/index.php\/wp-json\/wp\/v2\/pages\/160\/revisions"}],"predecessor-version":[{"id":938,"href":"https:\/\/belsootthon.hu\/index.php\/wp-json\/wp\/v2\/pages\/160\/revisions\/938"}],"wp:featuredmedia":[{"embeddable":true,"href":"https:\/\/belsootthon.hu\/index.php\/wp-json\/wp\/v2\/media\/242"}],"wp:attachment":[{"href":"https:\/\/belsootthon.hu\/index.php\/wp-json\/wp\/v2\/media?parent=160"}],"curies":[{"name":"wp","href":"https:\/\/api.w.org\/{rel}","templated":true}]}}