{"id":166,"date":"2024-01-23T13:16:18","date_gmt":"2024-01-23T13:16:18","guid":{"rendered":"https:\/\/belsootthon.hu\/?page_id=166"},"modified":"2024-03-19T10:16:19","modified_gmt":"2024-03-19T09:16:19","slug":"alkotokor","status":"publish","type":"page","link":"https:\/\/belsootthon.hu\/index.php\/alkotokor\/","title":{"rendered":"L\u00e9lekkulcs Alkot\u00f3k\u00f6r"},"content":{"rendered":"\t\t<div data-elementor-type=\"wp-page\" data-elementor-id=\"166\" class=\"elementor elementor-166\">\n\t\t\t\t<div class=\"elementor-element elementor-element-4aa2116c e-flex e-con-boxed e-con e-parent\" data-id=\"4aa2116c\" data-element_type=\"container\" data-settings=\"{&quot;content_width&quot;:&quot;boxed&quot;}\" data-core-v316-plus=\"true\">\n\t\t\t\t\t<div class=\"e-con-inner\">\n\t\t\t\t<div class=\"elementor-element elementor-element-31fae2f6 elementor-widget elementor-widget-text-editor\" data-id=\"31fae2f6\" data-element_type=\"widget\" data-widget_type=\"text-editor.default\">\n\t\t\t\t<div class=\"elementor-widget-container\">\n\t\t\t<style>\/*! elementor - v3.19.0 - 07-02-2024 *\/\n.elementor-widget-text-editor.elementor-drop-cap-view-stacked .elementor-drop-cap{background-color:#69727d;color:#fff}.elementor-widget-text-editor.elementor-drop-cap-view-framed .elementor-drop-cap{color:#69727d;border:3px solid;background-color:transparent}.elementor-widget-text-editor:not(.elementor-drop-cap-view-default) .elementor-drop-cap{margin-top:8px}.elementor-widget-text-editor:not(.elementor-drop-cap-view-default) .elementor-drop-cap-letter{width:1em;height:1em}.elementor-widget-text-editor .elementor-drop-cap{float:left;text-align:center;line-height:1;font-size:50px}.elementor-widget-text-editor .elementor-drop-cap-letter{display:inline-block}<\/style>\t\t\t\t<p><!-- wp:paragraph {\"align\":\"center\"} --><\/p>\n<p class=\"has-text-align-center\">A kulcs n\u00e1lad van a bels\u0151 otthonodhoz&#8230;<\/p>\n<p><!-- \/wp:paragraph --><\/p>\n<p><!-- wp:paragraph {\"align\":\"center\"} --><\/p>\n<p class=\"has-text-align-center\">A kulcs megold\u00e1st ad a megoldhatatlannak t\u0171n\u0151 neh\u00e9zs\u00e9gekre&#8230;<\/p>\n<p><!-- \/wp:paragraph --><\/p>\n<p><!-- wp:paragraph {\"align\":\"center\"} --><\/p>\n<p class=\"has-text-align-center\">A kulcs kapukat, ajt\u00f3kat nyit az \u00faj lehet\u0151s\u00e9gekre&#8230;<\/p>\n<p><!-- \/wp:paragraph --><\/p>\n<p><!-- wp:image {\"align\":\"center\",\"id\":513,\"sizeSlug\":\"medium\",\"linkDestination\":\"none\"} --><\/p>\n<figure class=\"wp-block-image aligncenter size-medium\"><img fetchpriority=\"high\" decoding=\"async\" width=\"225\" height=\"300\" class=\"wp-image-513\" src=\"https:\/\/belsootthon.hu\/wp-content\/uploads\/2024\/02\/Tulipanos-kulcslyuk-225x300.jpg\" alt=\"\" srcset=\"https:\/\/belsootthon.hu\/wp-content\/uploads\/2024\/02\/Tulipanos-kulcslyuk-225x300.jpg 225w, https:\/\/belsootthon.hu\/wp-content\/uploads\/2024\/02\/Tulipanos-kulcslyuk-45x60.jpg 45w, https:\/\/belsootthon.hu\/wp-content\/uploads\/2024\/02\/Tulipanos-kulcslyuk.jpg 480w\" sizes=\"(max-width: 225px) 100vw, 225px\" \/><\/figure>\n<p><!-- \/wp:image --><\/p>\n<p><!-- wp:paragraph --><\/p>\n<p><strong>Mivel fogunk foglalkozni az alkot\u00f3napon? <\/strong><\/p>\n<p><!-- \/wp:paragraph --><\/p>\n<p><!-- wp:list --><\/p>\n<ul>\n<li style=\"list-style-type: none;\">\n<ul><!-- wp:list-item --><\/ul>\n<\/li>\n<\/ul>\n<ul>\n<li style=\"list-style-type: none;\">\n<ul>\n<li>r\u00e1tekint\u00fcnk az \u00e9let\u00fcnkre, m\u0171k\u00f6d\u00e9si s\u00e9m\u00e1inkra,<\/li>\n<\/ul>\n<\/li>\n<\/ul>\n<p><!-- \/wp:list-item --><\/p>\n<p><!-- wp:list-item --><\/p>\n<ul>\n<li style=\"list-style-type: none;\">\n<ul>\n<li>n\u00e9z\u0151pontv\u00e1lt\u00e1ssal \u00faj ir\u00e1nyba helyezz\u00fck magunkat,<\/li>\n<\/ul>\n<\/li>\n<\/ul>\n<p><!-- \/wp:list-item --><\/p>\n<p><!-- wp:list-item --><\/p>\n<ul>\n<li style=\"list-style-type: none;\">\n<ul>\n<li>er\u0151t mer\u00edt\u00fcnk a v\u00e1ltoztat\u00e1shoz,<\/li>\n<\/ul>\n<\/li>\n<\/ul>\n<p><!-- \/wp:list-item --><\/p>\n<p><!-- wp:list-item --><\/p>\n<ul>\n<li style=\"list-style-type: none;\">\n<ul>\n<li>\u00fajra-alkotjuk \u00f6nmagunkat.<\/li>\n<\/ul>\n<\/li>\n<\/ul>\n<p><!-- \/wp:list-item --><\/p>\n<p><!-- \/wp:list --><\/p>\n<p><!-- wp:paragraph --><\/p>\n<p>Mi a Te kulcsk\u00e9rd\u00e9sed?<\/p>\n<p><!-- \/wp:paragraph --><\/p>\n<p><!-- wp:paragraph --><\/p>\n<p>Merre van a megold\u00e1sod ajtaja?<\/p>\n<p><!-- \/wp:paragraph --><\/p>\n<p><!-- wp:paragraph --><\/p>\n<p>Hogyan tudod kinyitni?<\/p>\n<p><!-- \/wp:paragraph --><\/p>\n<p><!-- wp:paragraph --><\/p>\n<p><strong>T\u00e9m\u00e1ink: <\/strong>Elenged\u00e9s-Meg\u0151rz\u00e9s-V\u00e1ltoz\u00e1s, \u00c9rzelmi szabads\u00e1g, Bels\u0151 Er\u0151im<\/p>\n<p><!-- \/wp:paragraph --><\/p>\n<p><!-- wp:paragraph --><\/p>\n<p><strong>A r\u00e9szv\u00e9tel semmif\u00e9le m\u0171v\u00e9szeti el\u0151k\u00e9pzetts\u00e9get, rajztud\u00e1st nem ig\u00e9nyel.<\/strong>\u00a0Az alkot\u00f3k\u00f6r nem m\u0171v\u00e9szk\u00e9pz\u00e9s, teh\u00e1t nem a rajz, fest\u00e9s \u00e9s egy\u00e9b k\u00e9szs\u00e9gekkel foglalkozunk, hanem a m\u0171v\u00e9szetet, mint gy\u00f3gy\u00edt\u00f3 eszk\u00f6zt alkalmazzuk. A c\u00e9l nem a v\u00e9geredm\u00e9ny, hanem<strong>\u00a0a folyamat \u00e1t\u00e9l\u00e9se.\u00a0Az alkot\u00e1s k\u00f6zben \u00e1t\u00e9lt \u00e9lm\u00e9ny, \u00e9rz\u00e9sek tudatos\u00edt\u00e1sa, feldolgoz\u00e1sa a l\u00e9nyeg<\/strong>. Az alkot\u00f3k\u00f6r c\u00e9lja a\u00a0<strong>bels\u0151 lelki tartalmak alkot\u00e1ssal t\u00f6rt\u00e9n\u0151 megjelen\u00edt\u00e9se<\/strong>.<\/p>\n<p><!-- \/wp:paragraph --><\/p>\n<p><!-- wp:paragraph {\"align\":\"left\"} --><\/p>\n<p class=\"has-text-align-left\"><strong>R\u00f6vid elm\u00e9leti bevezet\u0151 ill. r\u00e1hangol\u00f3d\u00e1s (relax\u00e1ci\u00f3, zene, vers, mese) ut\u00e1n k\u00f6vetkezik a k\u00fcl\u00f6nb\u00f6z\u0151 eszk\u00f6z\u00f6kkel\u00a0t\u00f6rt\u00e9n\u0151 alkot\u00e1s (akvarell, porpasztell, olajpasztell, mont\u00e1zs, koll\u00e1zs k\u00e9sz\u00edt\u00e9s, agyagoz\u00e1s stb.), majd a munk\u00e1k k\u00f6z\u00f6s megbesz\u00e9l\u00e9se.<\/strong><\/p>\n<p><!-- \/wp:paragraph --><\/p>\n<p><!-- wp:paragraph {\"align\":\"left\"} --><\/p>\n<p class=\"has-text-align-left\">\u00a0<\/p>\n<p><!-- \/wp:paragraph --><\/p>\n<p><!-- wp:media-text {\"align\":\"wide\",\"mediaId\":273,\"mediaLink\":\"https:\/\/belsootthon.hu\/20200209_102843\/\",\"mediaType\":\"image\"} --><\/p>\n<div class=\"wp-block-media-text alignwide is-stacked-on-mobile\">\n<figure class=\"wp-block-media-text__media\"><img decoding=\"async\" width=\"1024\" height=\"768\" class=\"wp-image-273 size-full\" src=\"https:\/\/belsootthon.hu\/wp-content\/uploads\/2024\/01\/20200209_102843-1024x768.jpg\" alt=\"\" srcset=\"https:\/\/belsootthon.hu\/wp-content\/uploads\/2024\/01\/20200209_102843-1024x768.jpg 1024w, https:\/\/belsootthon.hu\/wp-content\/uploads\/2024\/01\/20200209_102843-300x225.jpg 300w, https:\/\/belsootthon.hu\/wp-content\/uploads\/2024\/01\/20200209_102843-768x576.jpg 768w, https:\/\/belsootthon.hu\/wp-content\/uploads\/2024\/01\/20200209_102843-1536x1152.jpg 1536w, https:\/\/belsootthon.hu\/wp-content\/uploads\/2024\/01\/20200209_102843-2048x1536.jpg 2048w, https:\/\/belsootthon.hu\/wp-content\/uploads\/2024\/01\/20200209_102843-80x60.jpg 80w, https:\/\/belsootthon.hu\/wp-content\/uploads\/2024\/01\/20200209_102843-640x480.jpg 640w, https:\/\/belsootthon.hu\/wp-content\/uploads\/2024\/01\/20200209_102843-110x83.jpg 110w\" sizes=\"(max-width: 1024px) 100vw, 1024px\" \/><\/figure>\n<div class=\"wp-block-media-text__content\">\n<p><!-- wp:paragraph --><\/p>\n<p><strong>Ez az alkot\u00f3k\u00f6r Neked sz\u00f3l, amennyiben:<\/strong><\/p>\n<p><!-- \/wp:paragraph --><\/p>\n<p><!-- wp:list --><\/p>\n<ul>\n<li style=\"list-style-type: none;\">\n<ul><!-- wp:list-item --><\/ul>\n<\/li>\n<\/ul>\n<ul>\n<li style=\"list-style-type: none;\">\n<ul>\n<li>szeretn\u00e9l v\u00e1ltoztatni az \u00e9leteden,<\/li>\n<\/ul>\n<\/li>\n<\/ul>\n<p><!-- \/wp:list-item --><\/p>\n<p><!-- wp:list-item --><\/p>\n<ul>\n<li style=\"list-style-type: none;\">\n<ul>\n<li>szeretn\u00e9l m\u00e1t\u00f3l m\u00e1sk\u00e9pp \u00e9lni,<\/li>\n<\/ul>\n<\/li>\n<\/ul>\n<p><!-- \/wp:list-item --><\/p>\n<p><!-- wp:list-item --><\/p>\n<ul>\n<li style=\"list-style-type: none;\">\n<ul>\n<li>szeretn\u00e9l r\u00e1l\u00e9pni a saj\u00e1t utadra,<\/li>\n<\/ul>\n<\/li>\n<\/ul>\n<p><!-- \/wp:list-item --><\/p>\n<p><!-- wp:list-item --><\/p>\n<ul>\n<li style=\"list-style-type: none;\">\n<ul>\n<li>fel\u00e9breszteni a bels\u0151 motiv\u00e1ci\u00f3dat, lelkesed\u00e9sedet,<\/li>\n<\/ul>\n<\/li>\n<\/ul>\n<p><!-- \/wp:list-item --><\/p>\n<p><!-- wp:list-item --><\/p>\n<ul>\n<li style=\"list-style-type: none;\">\n<ul>\n<li>szeretn\u00e9l \u00e9rzelmileg szabadd\u00e1 v\u00e1lni (\u00f6nkorl\u00e1toz\u00f3 s\u00e9m\u00e1k n\u00e9lk\u00fcl),<\/li>\n<\/ul>\n<\/li>\n<\/ul>\n<p><!-- \/wp:list-item --><\/p>\n<p><!-- wp:list-item --><\/p>\n<ul>\n<li style=\"list-style-type: none;\">\n<ul>\n<li>szeretn\u00e9l alkot\u00f3 \u00e9letet \u00e9lni.<\/li>\n<\/ul>\n<\/li>\n<\/ul>\n<p><!-- \/wp:list-item --><\/p>\n<p><!-- \/wp:list --><\/p>\n<\/div>\n<\/div>\n<p><!-- \/wp:media-text --><\/p>\n<p><!-- wp:paragraph --><\/p>\n<p>Az alkot\u00f3k\u00f6r kiscsoportos l\u00e9tsz\u00e1mmal indul. (max. 7-9 f\u0151)<\/p>\n<p><!-- \/wp:paragraph --><\/p>\n<p><!-- wp:paragraph --><\/p>\n<p>A sz\u00fcks\u00e9ges eszk\u00f6z\u00f6ket \u00e9n biztos\u00edtom. (pap\u00edrok, ceruz\u00e1k, fest\u00e9kek, agyag stb.)<\/p>\n<p><!-- \/wp:paragraph --><\/p>\n<p><!-- wp:image {\"id\":450,\"sizeSlug\":\"large\",\"linkDestination\":\"none\"} --><\/p>\n<figure class=\"wp-block-image size-large\"><img decoding=\"async\" width=\"1024\" height=\"614\" class=\"wp-image-450\" src=\"https:\/\/belsootthon.hu\/wp-content\/uploads\/2024\/01\/20150509_121143-1024x614.jpg\" alt=\"\" srcset=\"https:\/\/belsootthon.hu\/wp-content\/uploads\/2024\/01\/20150509_121143-1024x614.jpg 1024w, https:\/\/belsootthon.hu\/wp-content\/uploads\/2024\/01\/20150509_121143-300x180.jpg 300w, https:\/\/belsootthon.hu\/wp-content\/uploads\/2024\/01\/20150509_121143-768x461.jpg 768w, https:\/\/belsootthon.hu\/wp-content\/uploads\/2024\/01\/20150509_121143-1536x922.jpg 1536w, https:\/\/belsootthon.hu\/wp-content\/uploads\/2024\/01\/20150509_121143-2048x1229.jpg 2048w, https:\/\/belsootthon.hu\/wp-content\/uploads\/2024\/01\/20150509_121143-100x60.jpg 100w, https:\/\/belsootthon.hu\/wp-content\/uploads\/2024\/01\/20150509_121143-1320x792.jpg 1320w\" sizes=\"(max-width: 1024px) 100vw, 1024px\" \/><\/figure>\n<p><!-- \/wp:image --><\/p>\n<p><!-- wp:paragraph --><\/p>\n<p>Id\u0151pont: Folyamatosan indul (szombati, vagy h\u00e9tk\u00f6znapi napokon 10-16 \u00f3r\u00e1ig). \u00c9rdekl\u0151dj a k\u00f6vetkez\u0151 id\u0151pontr\u00f3l. \ud83d\ude42\u00a0<\/p>\n<p><!-- \/wp:paragraph --><\/p>\n<p><!-- wp:paragraph --><\/p>\n<p><strong>Helysz\u00edn<\/strong>: Pilissz\u00e1nt\u00f3, H\u00e1rsfa utca 8. vagy Budapest, 13. ker\u00fclet, Lomb utca 1-7. ( A Szlov\u00e1k iskol\u00e1ban a Nyugd\u00edjfoly\u00f3s\u00edt\u00f3 int\u00e9zet \u00e9s a Rend\u0151rs\u00e9g mellett az \u00c1rp\u00e1d h\u00edd pesti h\u00eddf\u0151j\u00e9n.) Parkol\u00e1s: A Nyugd\u00edjfoly\u00f3s\u00edt\u00f3 Int\u00e9zet parkol\u00f3j\u00e1ban, vagy a k\u00f6rnyez\u0151 utc\u00e1kban. A parkol\u00f3 a V\u00e1ci \u00faton l\u00e9v\u0151 buszmeg\u00e1ll\u00f3b\u00f3l bekanyarodva k\u00f6zel\u00edthet\u0151 meg. ( Nem a buszmeg\u00e1ll\u00f3 ut\u00e1n l\u00e9v\u0151 soromp\u00f3s parkol\u00f3, hanem el\u0151tte kell jobbra kanyarodni.)<\/p>\n<p><!-- \/wp:paragraph --><\/p>\n<p><!-- wp:paragraph --><\/p>\n<p>T\u00f6megk\u00f6zleked\u00e9ssel:<\/p>\n<p><!-- \/wp:paragraph --><\/p>\n<p><!-- wp:paragraph --><\/p>\n<p>M3 metr\u00f3val \u2013 G\u00f6ncz \u00c1rp\u00e1d v\u00e1rosk\u00f6zpont meg\u00e1ll\u00f3n\u00e1l<\/p>\n<p><!-- \/wp:paragraph --><\/p>\n<p><!-- wp:paragraph --><\/p>\n<p>T\u00e1vols\u00e1gi Vol\u00e1n buszj\u00e1ratokkal (800, 805, 810, 811, 815, 820, 830, 831, 832, 840)<\/p>\n<p><!-- \/wp:paragraph --><\/p>\n<p><!-- wp:paragraph --><\/p>\n<p>1 villamossal<\/p>\n<p><!-- \/wp:paragraph --><\/p>\n<p><!-- wp:paragraph --><\/p>\n<p><strong>Az alkot\u00f3k\u00f6r \u00e1ra<\/strong>: 25 000 ft\/f\u0151. Az \u00e1r tartalmazza a felhaszn\u00e1lt anyagok k\u00f6lts\u00e9g\u00e9t is.<\/p>\n<p><!-- \/wp:paragraph --><\/p>\n<p><!-- wp:paragraph --><\/p>\n<p><strong>Csoportos kedvezm\u00e9nnyel:<\/strong><\/p>\n<p><strong>Gyertek el a bar\u00e1tn\u0151iddel k\u00f6z\u00f6sen.\u00a0<img decoding=\"async\" class=\"emoji\" role=\"img\" draggable=\"false\" src=\"https:\/\/s.w.org\/images\/core\/emoji\/14.0.0\/svg\/1f642.svg\" alt=\"\ud83d\ude42\" \/>\u00a0 Jelentkezettek h\u00e1rman \u2013 n\u00e9gyen egy\u00fctt, ebben az esetben kezdvezm\u00e9nyesen 20 000ft\/f\u0151 \u00e1ron j\u00f6hettek el az alkot\u00f3k\u00f6rre.\u00a0<\/strong><\/p>\n<p>A kedvezm\u00e9nyes \u00e1rat csak abban az esetben tudom megadni, ha mindenkit\u0151l be\u00e9rkezik az utal\u00e1s.<\/p>\n<p><!-- \/wp:paragraph --><\/p>\n<p><!-- wp:paragraph --><\/p>\n<p><strong>Jelentkez\u00e9s m\u00f3dja:<\/strong>\u00a0Az alkot\u00f3k\u00f6r d\u00edj\u00e1nak \u00e1tutal\u00e1s\u00e1val. Tov\u00e1bb\u00e1 a<strong> jelentkez\u00e9si lap kit\u00f6lt\u00e9se \u00e9s elk\u00fcld\u00e9se<\/strong>. (E-mail-ben lefot\u00f3zva is megfelel). Innen let\u00f6lthet\u0151 &#8211;<\/p>\n<p><!-- \/wp:paragraph --><\/p>\n<p><!-- wp:paragraph --><\/p>\n<p>Az id\u0151pont \u00e9s a helysz\u00ednv\u00e1ltoztat\u00e1s jog\u00e1t fenntartom. (Id\u0151pontv\u00e1ltoztat\u00e1sn\u00e1l minden esetben egyeztet\u00fcnk a csoporttal, hogy mindenkinek megfelel\u0151 legyen.)<\/p>\n<p><!-- \/wp:paragraph --><\/p>\n<p><!-- wp:paragraph --><\/p>\n<p>OTP Bank \u2013 N\u00e9met Zsolt 11773425-06179849 K\u00e9rlek, hogy az utal\u00e1ssal egyid\u0151ben k\u00fcld el nekem a sz\u00e1mlac\u00edmedet. Csak mag\u00e1nszem\u00e9lyeknek \u00e1ll m\u00f3domban sz\u00e1ml\u00e1t ki\u00e1ll\u00edtani.<\/p>\n<p><!-- \/wp:paragraph --><\/p>\n<p><!-- wp:paragraph --><\/p>\n<p>Az \u00e1ltalam tartott m\u0171v\u00e9szetter\u00e1pi\u00e1s alkot\u00f3k\u00f6r eg\u00e9szs\u00e9ges emberek lelki egyens\u00faly\u00e1nak fenntart\u00e1s\u00e1ra, illetve helyre\u00e1ll\u00edt\u00e1s\u00e1ra ir\u00e1nyul\u00f3 \u00e9s arra alkalmas folyamat. Diagnosztiz\u00e1lt lelki zavar eset\u00e9n, vagy ha b\u00e1rmely m\u00e1s okb\u00f3l pszichol\u00f3gusi vagy pszichi\u00e1triai kezel\u00e9sre van sz\u00fcks\u00e9g, akkor ilyen szakemberhez kell fordulni.<\/p>\n<p><!-- \/wp:paragraph --><\/p>\n<p><!-- wp:paragraph --><\/p>\n<p>Jelentkez\u00e9sedet v\u00e1rom szeretettel!<\/p>\n<p><!-- \/wp:paragraph --><\/p>\n<p><!-- wp:paragraph --><\/p>\n<p>Gabi<\/p>\n<p><!-- \/wp:paragraph --><\/p>\n<p><!-- wp:paragraph --><\/p>\n<p>gabi@belsootthon.hu<\/p>\n<p><!-- \/wp:paragraph --><\/p>\t\t\t\t\t\t<\/div>\n\t\t\t\t<\/div>\n\t\t\t\t\t<\/div>\n\t\t\t\t<\/div>\n\t\t<div class=\"elementor-element elementor-element-907fc17 e-flex e-con-boxed e-con e-parent\" data-id=\"907fc17\" data-element_type=\"container\" data-settings=\"{&quot;content_width&quot;:&quot;boxed&quot;}\" data-core-v316-plus=\"true\">\n\t\t\t\t\t<div class=\"e-con-inner\">\n\t\t<div class=\"elementor-element elementor-element-a51e63b e-con-full e-flex e-con e-child\" data-id=\"a51e63b\" data-element_type=\"container\" data-settings=\"{&quot;content_width&quot;:&quot;full&quot;}\">\n\t\t\t\t<div class=\"elementor-element elementor-element-38210f8 elementor-widget elementor-widget-shortcode\" data-id=\"38210f8\" data-element_type=\"widget\" data-widget_type=\"shortcode.default\">\n\t\t\t\t<div class=\"elementor-widget-container\">\n\t\t\t\t\t<div class=\"elementor-shortcode\"><div class=\"wpforms-container wpforms-container-full wpforms-render-modern\" id=\"wpforms-320\"><form id=\"wpforms-form-320\" class=\"wpforms-validate wpforms-form wpforms-ajax-form\" data-formid=\"320\" method=\"post\" enctype=\"multipart\/form-data\" action=\"\/index.php\/wp-json\/wp\/v2\/pages\/166\" data-token=\"cc12e3cf0f7afea4b84ddab6d2e1d645\"><noscript class=\"wpforms-error-noscript\">Please enable JavaScript in your browser to complete this form.<\/noscript><div class=\"wpforms-hidden\" id=\"wpforms-error-noscript\">Please enable JavaScript in your browser to complete this form.<\/div><div class=\"wpforms-field-container\"><div id=\"wpforms-320-field_0-container\" class=\"wpforms-field wpforms-field-name\" data-field-id=\"0\"><label class=\"wpforms-field-label\" for=\"wpforms-320-field_0\">N\u00e9v <span class=\"wpforms-required-label\" aria-hidden=\"true\">*<\/span><\/label><input type=\"text\" id=\"wpforms-320-field_0\" class=\"wpforms-field-medium wpforms-field-required\" name=\"wpforms[fields][0]\" aria-errormessage=\"wpforms-320-field_0-error\" required><\/div><div id=\"wpforms-320-field_1-container\" class=\"wpforms-field wpforms-field-email\" data-field-id=\"1\"><label class=\"wpforms-field-label\" for=\"wpforms-320-field_1\">E-mail <span class=\"wpforms-required-label\" aria-hidden=\"true\">*<\/span><\/label><input type=\"email\" id=\"wpforms-320-field_1\" class=\"wpforms-field-medium wpforms-field-required\" name=\"wpforms[fields][1]\" spellcheck=\"false\" aria-errormessage=\"wpforms-320-field_1-error\" required><\/div><div id=\"wpforms-320-field_2-container\" class=\"wpforms-field wpforms-field-textarea\" data-field-id=\"2\"><label class=\"wpforms-field-label\" for=\"wpforms-320-field_2\">\u00dczenet<\/label><textarea id=\"wpforms-320-field_2\" class=\"wpforms-field-medium wpforms-limit-characters-enabled\" data-form-id=\"320\" data-field-id=\"2\" data-text-limit=\"2000\" name=\"wpforms[fields][2]\" aria-errormessage=\"wpforms-320-field_2-error\" maxlength=\"2000\" ><\/textarea><\/div><\/div><!-- .wpforms-field-container --><div class=\"wpforms-recaptcha-container wpforms-is-hcaptcha\" ><div class=\"g-recaptcha\" data-sitekey=\"cb59c5ad-0365-4448-9de2-9a442437dbed\"><\/div><input type=\"text\" name=\"g-recaptcha-hidden\" class=\"wpforms-recaptcha-hidden\" style=\"position:absolute!important;clip:rect(0,0,0,0)!important;height:1px!important;width:1px!important;border:0!important;overflow:hidden!important;padding:0!important;margin:0!important;\" data-rule-hcaptcha=\"1\"><\/div><div class=\"wpforms-submit-container\" ><input type=\"hidden\" name=\"wpforms[id]\" value=\"320\"><input type=\"hidden\" name=\"wpforms[author]\" value=\"1\"><button type=\"submit\" name=\"wpforms[submit]\" id=\"wpforms-submit-320\" class=\"wpforms-submit\" data-alt-text=\"Folyamatban...\" data-submit-text=\"K\u00fcld\u00e9s\" aria-live=\"assertive\" value=\"wpforms-submit\">K\u00fcld\u00e9s<\/button><img loading=\"lazy\" decoding=\"async\" src=\"https:\/\/belsootthon.hu\/wp-content\/plugins\/wpforms-lite\/assets\/images\/submit-spin.svg\" class=\"wpforms-submit-spinner\" style=\"display: none;\" width=\"26\" height=\"26\" alt=\"Loading\"><\/div><\/form><\/div>  <!-- .wpforms-container --><\/div>\n\t\t\t\t<\/div>\n\t\t\t\t<\/div>\n\t\t\t\t<\/div>\n\t\t<div class=\"elementor-element elementor-element-16b1d64 e-con-full e-flex e-con e-child\" data-id=\"16b1d64\" data-element_type=\"container\" data-settings=\"{&quot;content_width&quot;:&quot;full&quot;}\">\n\t\t\t\t<\/div>\n\t\t\t\t\t<\/div>\n\t\t\t\t<\/div>\n\t\t\t\t<\/div>\n\t\t","protected":false},"excerpt":{"rendered":"<p>A kulcs n\u00e1lad van a bels\u0151 otthonodhoz&#8230; A kulcs megold\u00e1st ad a megoldhatatlannak t\u0171n\u0151 neh\u00e9zs\u00e9gekre&#8230; A kulcs kapukat, ajt\u00f3kat nyit az \u00faj lehet\u0151s\u00e9gekre&#8230; Mivel fogunk foglalkozni az alkot\u00f3napon? Mi a &hellip; <\/p>\n","protected":false},"author":1,"featured_media":246,"parent":0,"menu_order":0,"comment_status":"closed","ping_status":"closed","template":"","meta":{"ngg_post_thumbnail":0,"footnotes":""},"class_list":["post-166","page","type-page","status-publish","has-post-thumbnail","hentry","latest_post"],"_links":{"self":[{"href":"https:\/\/belsootthon.hu\/index.php\/wp-json\/wp\/v2\/pages\/166","targetHints":{"allow":["GET"]}}],"collection":[{"href":"https:\/\/belsootthon.hu\/index.php\/wp-json\/wp\/v2\/pages"}],"about":[{"href":"https:\/\/belsootthon.hu\/index.php\/wp-json\/wp\/v2\/types\/page"}],"author":[{"embeddable":true,"href":"https:\/\/belsootthon.hu\/index.php\/wp-json\/wp\/v2\/users\/1"}],"replies":[{"embeddable":true,"href":"https:\/\/belsootthon.hu\/index.php\/wp-json\/wp\/v2\/comments?post=166"}],"version-history":[{"count":31,"href":"https:\/\/belsootthon.hu\/index.php\/wp-json\/wp\/v2\/pages\/166\/revisions"}],"predecessor-version":[{"id":1113,"href":"https:\/\/belsootthon.hu\/index.php\/wp-json\/wp\/v2\/pages\/166\/revisions\/1113"}],"wp:featuredmedia":[{"embeddable":true,"href":"https:\/\/belsootthon.hu\/index.php\/wp-json\/wp\/v2\/media\/246"}],"wp:attachment":[{"href":"https:\/\/belsootthon.hu\/index.php\/wp-json\/wp\/v2\/media?parent=166"}],"curies":[{"name":"wp","href":"https:\/\/api.w.org\/{rel}","templated":true}]}}