{"id":176,"date":"2024-01-23T15:05:12","date_gmt":"2024-01-23T15:05:12","guid":{"rendered":"https:\/\/belsootthon.hu\/?page_id=176"},"modified":"2024-03-19T09:51:28","modified_gmt":"2024-03-19T08:51:28","slug":"intuitiv-tererzekeles-alkotokor","status":"publish","type":"page","link":"https:\/\/belsootthon.hu\/index.php\/intuitiv-tererzekeles-alkotokor\/","title":{"rendered":"Otthonom &#8211; Intuit\u00edv T\u00e9rrendez\u00e9s Alkot\u00f3k\u00f6r"},"content":{"rendered":"\t\t<div data-elementor-type=\"wp-page\" data-elementor-id=\"176\" class=\"elementor elementor-176\">\n\t\t\t\t<div class=\"elementor-element elementor-element-1e72a60 e-flex e-con-boxed e-con e-parent\" data-id=\"1e72a60\" data-element_type=\"container\" data-settings=\"{&quot;content_width&quot;:&quot;boxed&quot;}\" data-core-v316-plus=\"true\">\n\t\t\t\t\t<div class=\"e-con-inner\">\n\t\t\t\t<div class=\"elementor-element elementor-element-3a5ac5c7 elementor-widget elementor-widget-text-editor\" data-id=\"3a5ac5c7\" data-element_type=\"widget\" data-widget_type=\"text-editor.default\">\n\t\t\t\t<div class=\"elementor-widget-container\">\n\t\t\t<style>\/*! elementor - v3.19.0 - 07-02-2024 *\/\n.elementor-widget-text-editor.elementor-drop-cap-view-stacked .elementor-drop-cap{background-color:#69727d;color:#fff}.elementor-widget-text-editor.elementor-drop-cap-view-framed .elementor-drop-cap{color:#69727d;border:3px solid;background-color:transparent}.elementor-widget-text-editor:not(.elementor-drop-cap-view-default) .elementor-drop-cap{margin-top:8px}.elementor-widget-text-editor:not(.elementor-drop-cap-view-default) .elementor-drop-cap-letter{width:1em;height:1em}.elementor-widget-text-editor .elementor-drop-cap{float:left;text-align:center;line-height:1;font-size:50px}.elementor-widget-text-editor .elementor-drop-cap-letter{display:inline-block}<\/style>\t\t\t\t<p><!-- wp:paragraph --><\/p>\n<p><strong>A bennem \u00e9l\u0151 t\u00e9r \u00fczen, \u00e1talak\u00edt, \u00e1raml\u00e1sba hoz\u2026<\/strong><\/p>\n<p><!-- \/wp:paragraph --><\/p>\n<p><!-- wp:paragraph --><\/p>\n<p>A t\u00e9r \u00f6nmagad megnyilv\u00e1nul\u00e1sa, azaz minden, amit sug\u00e1roz, az a benned lej\u00e1tsz\u00f3d\u00f3 folyamatokat t\u00fckr\u00f6zi. A t\u00e9r az&nbsp;<strong>\u00f6nismeret \u00e9s a szem\u00e9lyis\u00e9gfejl\u0151d\u00e9s<\/strong>&nbsp;eszk\u00f6ze.<\/p>\n<p><!-- \/wp:paragraph --><\/p>\n<p><!-- wp:paragraph --><\/p>\n<p><strong>Mit jelent ez a gyakorlatban?<\/strong><\/p>\n<p><!-- \/wp:paragraph --><\/p>\n<p><!-- wp:paragraph --><\/p>\n<p>Ezen az alkot\u00f3napon egy&nbsp;<strong>\u00faj m\u00f3dszerrel&nbsp;<\/strong>tal\u00e1lkozhatsz, ami a m\u0171v\u00e9szetter\u00e1pia \u00e9s a t\u00e9rrendez\u00e9s \u00f6sszekapcsol\u00e1s\u00e1b\u00f3l sz\u00fcletett meg. Azaz&nbsp;<strong>az otthon t\u00e9m\u00e1j\u00e1val lelki, szellemi \u00e9rtelemben<\/strong>&nbsp;fogunk foglalkozni.<\/p>\n<p><!-- \/wp:paragraph --><\/p>\n<p><!-- wp:paragraph --><\/p>\n<p>\u00c9ppen ez\u00e9rt az&nbsp;<strong>intuit\u00edv t\u00e9rrendez\u00e9st<\/strong>&nbsp;mindenkinek aj\u00e1nlom, aki:<\/p>\n<p><!-- \/wp:paragraph --><\/p>\n<p><!-- wp:list --><\/p>\n<ul><!-- wp:list-item --><p><\/p>\n<li>szeretne a lakberendez\u00e9si \u00e9s t\u00e9rrendez\u00e9si elveket t\u00fal egy m\u00e9lyebb megismer\u00e9ssel kit\u00e1g\u00edtani a kereteit,<\/li>\n<p><!-- \/wp:list-item --><\/p>\n<p><!-- wp:list-item --><\/p>\n<li>szeretn\u00e9 a saj\u00e1t ter\u00e9nek \u00fczeneteit befogadni, megfejteni,<\/li>\n<p><!-- \/wp:list-item --><\/p>\n<p><!-- wp:list-item --><\/p>\n<li>szeretn\u00e9 a saj\u00e1t ter\u00e9t \u00e1talak\u00edtani (\u00e9s ak\u00e1r m\u00e1soknak is seg\u00edteni ebben).<\/li>\n<p><!-- \/wp:list-item --><\/p>\n<p><!-- wp:list-item --><\/p>\n<li>szeretn\u00e9 felismerni a saj\u00e1t m\u0171k\u00f6d\u00e9sm\u00f3djait,<\/li>\n<p><!-- \/wp:list-item --><\/p>\n<p><!-- wp:list-item --><\/p>\n<li>szeretne r\u00e1l\u00e1tni az elakad\u00e1saira,<\/li>\n<p><!-- \/wp:list-item --><\/p>\n<p><!-- wp:list-item --><\/p>\n<li>szeretne r\u00e1l\u00e1t\u00e1st kapni a benne m\u0171k\u00f6d\u0151 energi\u00e1kra \u00e9s arra, hogy hogyan tudn\u00e1 min\u00e9l jobban mozg\u00f3s\u00edtani a bels\u0151 er\u0151it ill. kihaszn\u00e1lni a benne rejl\u0151 lehet\u0151s\u00e9geket.<\/li>\n<p><!-- \/wp:list-item --><\/p><\/ul>\n<p><!-- \/wp:list --><\/p>\n<p><!-- wp:paragraph --><\/p>\n<p><strong>Miben seg\u00edthet a tal\u00e1lkoz\u00e1s a bennem \u00e9l\u0151 t\u00e9rrel?<\/strong><\/p>\n<p><!-- \/wp:paragraph --><\/p>\n<p><!-- wp:image {\"id\":305,\"sizeSlug\":\"large\",\"linkDestination\":\"none\"} --><\/p>\n<figure class=\"wp-block-image size-large\"><img fetchpriority=\"high\" decoding=\"async\" width=\"1024\" height=\"465\" src=\"https:\/\/belsootthon.hu\/wp-content\/uploads\/2024\/01\/20210306_100255-1024x465.jpg\" alt=\"\" class=\"wp-image-305\" srcset=\"https:\/\/belsootthon.hu\/wp-content\/uploads\/2024\/01\/20210306_100255-1024x465.jpg 1024w, https:\/\/belsootthon.hu\/wp-content\/uploads\/2024\/01\/20210306_100255-300x136.jpg 300w, https:\/\/belsootthon.hu\/wp-content\/uploads\/2024\/01\/20210306_100255-768x349.jpg 768w, https:\/\/belsootthon.hu\/wp-content\/uploads\/2024\/01\/20210306_100255-1536x697.jpg 1536w, https:\/\/belsootthon.hu\/wp-content\/uploads\/2024\/01\/20210306_100255-2048x930.jpg 2048w, https:\/\/belsootthon.hu\/wp-content\/uploads\/2024\/01\/20210306_100255-132x60.jpg 132w\" sizes=\"(max-width: 1024px) 100vw, 1024px\" \/><\/figure>\n<p><!-- \/wp:image --><\/p>\n<p><!-- wp:list --><\/p>\n<ul><!-- wp:list-item --><p><\/p>\n<li><strong>v\u00e1ltoz\u00e1sok<\/strong>&nbsp;el\u0151id\u00e9z\u00e9s\u00e9ben \u00e9s megval\u00f3s\u00edt\u00e1s\u00e1ban,<\/li>\n<p><!-- \/wp:list-item --><\/p>\n<p><!-- wp:list-item --><\/p>\n<li>jobbagyf\u00e9ltek\u00e9s \u00e9szlel\u00e9si m\u00f3d fejleszt\u00e9s\u00e9vel seg\u00edt&nbsp;<strong>d\u00f6nt\u00e9shelyzetekben<\/strong>, hiszen a bels\u0151 meg\u00e9rz\u00e9seinkre hagyatkozva \u00e9rkeznek meg a sz\u00e1munkra legjobb megold\u00e1sok,<\/li>\n<p><!-- \/wp:list-item --><\/p>\n<p><!-- wp:list-item --><\/p>\n<li>otthonod \u00e1talak\u00edt\u00e1s\u00e1ban, azaz a&nbsp;<strong>saj\u00e1t szem\u00e9lyis\u00e9ged fejleszt\u00e9s\u00e9ben<\/strong>.<\/li>\n<p><!-- \/wp:list-item --><\/p><\/ul>\n<p><!-- \/wp:list --><\/p>\n<p><!-- wp:paragraph --><\/p>\n<p><strong>Mivel fogunk foglalkozni az alkot\u00f3k\u00f6rben?<\/strong><\/p>\n<p><!-- \/wp:paragraph --><\/p>\n<p><!-- wp:list --><\/p>\n<ul><!-- wp:list-item --><p><\/p>\n<li><strong>T\u00e9rmedit\u00e1ci\u00f3val alkotunk <\/strong> &#8211; felold\u00f3d\u00e1s a t\u00e9rben, \u00e9lm\u00e9nyszint\u0171 megtapasztal\u00e1s, megmer\u00edtkez\u00e9s a t\u00e9rben.<\/li>\n<p><!-- \/wp:list-item --><\/p>\n<p><!-- wp:list-item --><\/p>\n<li>Ezen az alkot\u00f3napon a f\u00f3kusz a <strong>saj\u00e1t otthonod intuit\u00edv \u00e9rz\u00e9kel\u00e9s\u00e9n <\/strong>lesz. A nap folyam\u00e1n minden r\u00e9sztvev\u0151 otthon\u00e1val fogunk foglalkozni. \u00c9rdekes utaz\u00e1s lesz ez a t\u00e9rben, hiszen k\u00fcl\u00f6nleges form\u00e1ban l\u00e1tj\u00e1k egym\u00e1st vend\u00e9g\u00fcl a csoporttagokat. <\/li>\n<p><!-- \/wp:list-item --><\/p>\n<p><!-- wp:list-item --><\/p>\n<li>Alkotunk a k\u00fcls\u0151 \u00e9s a bels\u0151 otthon t\u00e9m\u00e1ban. <\/li>\n<p><!-- \/wp:list-item --><\/p><\/ul>\n<p><!-- \/wp:list --><\/p>\n<p><!-- wp:paragraph --><\/p>\n<p>El\u0151zetesen k\u00e9rek egy fot\u00f3t a saj\u00e1t otthonodr\u00f3l. Azt a r\u00e9szlet\u00e9t v\u00e1laszd ki, ami a legjobban vonz t\u00e9ged. <\/p>\n<p><!-- \/wp:paragraph --><\/p>\n<p><!-- wp:paragraph --><\/p>\n<p>Fontos! Nem \u00e9rt\u00e9kel\u00fcnk, nem elemz\u00fcnk, nem kritiz\u00e1lunk, nem adunk konkr\u00e9t tan\u00e1csokat. A tereket intuit\u00edv \u00e9rz\u00e9kelj\u00fck.  <\/p>\n<p><!-- \/wp:paragraph --><\/p>\n<p><!-- wp:paragraph --><\/p>\n<p><strong>Eszk\u00f6z\u00f6k, amiket haszn\u00e1lunk<\/strong>: akvarell fest\u00e9s, olajpasztell, porpasztellkr\u00e9ta, mont\u00e1zsk\u00e9sz\u00edt\u00e9s stb. Semmilyen m\u0171v\u00e9szi el\u0151k\u00e9pzetts\u00e9gre nincsen sz\u00fcks\u00e9g. Gyere el b\u00e1tran akkor is, ha nem is eml\u00e9kszel m\u00e1r r\u00e1, hogy mikor volt utolj\u00e1ra a kezedben ceruza, ecset stb.<\/p>\n<p><!-- \/wp:paragraph --><\/p>\n<p><!-- wp:image {\"id\":497,\"sizeSlug\":\"large\",\"linkDestination\":\"none\"} --><\/p>\n<figure class=\"wp-block-image size-large\"><img decoding=\"async\" width=\"1024\" height=\"768\" src=\"https:\/\/belsootthon.hu\/wp-content\/uploads\/2024\/01\/20230415_132735-1024x768.jpg\" alt=\"\" class=\"wp-image-497\" srcset=\"https:\/\/belsootthon.hu\/wp-content\/uploads\/2024\/01\/20230415_132735-1024x768.jpg 1024w, https:\/\/belsootthon.hu\/wp-content\/uploads\/2024\/01\/20230415_132735-300x225.jpg 300w, https:\/\/belsootthon.hu\/wp-content\/uploads\/2024\/01\/20230415_132735-768x576.jpg 768w, https:\/\/belsootthon.hu\/wp-content\/uploads\/2024\/01\/20230415_132735-1536x1152.jpg 1536w, https:\/\/belsootthon.hu\/wp-content\/uploads\/2024\/01\/20230415_132735-2048x1536.jpg 2048w, https:\/\/belsootthon.hu\/wp-content\/uploads\/2024\/01\/20230415_132735-80x60.jpg 80w, https:\/\/belsootthon.hu\/wp-content\/uploads\/2024\/01\/20230415_132735-640x480.jpg 640w, https:\/\/belsootthon.hu\/wp-content\/uploads\/2024\/01\/20230415_132735-110x83.jpg 110w, https:\/\/belsootthon.hu\/wp-content\/uploads\/2024\/01\/20230415_132735-1320x990.jpg 1320w\" sizes=\"(max-width: 1024px) 100vw, 1024px\" \/><\/figure>\n<p><!-- \/wp:image --><\/p>\n<p><!-- wp:paragraph --><\/p>\n<p>Az alkot\u00f3k\u00f6r kiscsoportos form\u00e1ban indul (max. 7-9 f\u0151), amelyben adott a bizalmi l\u00e9gk\u00f6r \u00e9s a m\u00e9ly figyelem minden csoporttagra.&nbsp;A helyek foglal\u00e1sa a jelentkez\u00e9sek be\u00e9rkez\u00e9s\u00e9nek sorrendj\u00e9ben t\u00f6rt\u00e9nik. A jelentkez\u00e9si hat\u00e1rid\u0151t k\u00e9rlek vedd figyelembe.<\/p>\n<p><!-- \/wp:paragraph --><\/p>\n<p><!-- wp:paragraph --><\/p>\n<p><strong>Az Intuit\u00edv T\u00e9r\u00e9rz\u00e9kel\u00e9s Alkot\u00f3k\u00f6r id\u0151pontja<\/strong>:&nbsp;2024. \u00e1prilis 27. szombat (10-17 \u00f3r\u00e1ig)<\/p>\n<p><!-- \/wp:paragraph --><\/p>\n<p><!-- wp:paragraph --><\/p>\n<p><strong>Helysz\u00edn<\/strong>: Budapest, 13. ker\u00fclet, Lomb utca 1-7. ( A Szlov\u00e1k iskol\u00e1ban a Nyugd\u00edjfoly\u00f3s\u00edt\u00f3 int\u00e9zet \u00e9s a Rend\u0151rs\u00e9g mellett az \u00c1rp\u00e1d h\u00edd pesti h\u00eddf\u0151j\u00e9n.) Parkol\u00e1s: A Nyugd\u00edjfoly\u00f3s\u00edt\u00f3 Int\u00e9zet parkol\u00f3j\u00e1ban, vagy a k\u00f6rnyez\u0151 utc\u00e1kban.<\/p>\n<p><!-- \/wp:paragraph --><\/p>\n<p><!-- wp:paragraph --><\/p>\n<p>T\u00f6megk\u00f6zleked\u00e9ssel:<\/p>\n<p><!-- \/wp:paragraph --><\/p>\n<p><!-- wp:paragraph --><\/p>\n<p>M3 metr\u00f3val \u2013 G\u00f6ncz \u00c1rp\u00e1d v\u00e1rosk\u00f6zpont meg\u00e1ll\u00f3n\u00e1l<\/p>\n<p><!-- \/wp:paragraph --><\/p>\n<p><!-- wp:paragraph --><\/p>\n<p>T\u00e1vols\u00e1gi Vol\u00e1n buszj\u00e1ratokkal (800, 805, 810, 811, 815, 820, 830, 831, 832, 840)<\/p>\n<p><!-- \/wp:paragraph --><\/p>\n<p><!-- wp:paragraph --><\/p>\n<p>1 villamossal<br><br><strong>Az alkot\u00f3k\u00f6r \u00e1ra<\/strong>:   25 000  ft\/f\u0151. Az \u00e1r tartalmazza a felhaszn\u00e1lt anyagok k\u00f6lts\u00e9g\u00e9t is.<\/p>\n<p><!-- \/wp:paragraph --><\/p>\n<p><!-- wp:paragraph --><\/p>\n<p><strong>Kor\u00e1nkel\u0151 kedvezm\u00e9nnyel:<\/strong><\/p>\n<p><!-- \/wp:paragraph --><\/p>\n<p><!-- wp:paragraph --><\/p>\n<p><strong>2024. m\u00e1rcius 31-ig 20 000ft\/f\u0151, <\/strong><\/p>\n<p><!-- \/wp:paragraph --><\/p>\n<p><!-- wp:paragraph --><\/p>\n<p>A kedvezm\u00e9ny csak abban az esetben \u00e9rv\u00e9nyes\u00edthet\u0151, ha az utal\u00e1s be\u00e9rkezik hozz\u00e1m m\u00e1rcius 31-ig!<\/p>\n<p><!-- \/wp:paragraph --><\/p>\n<p><!-- wp:paragraph --><\/p>\n<p><strong>Jelentkez\u00e9s m\u00f3dja:<\/strong>&nbsp;Az alkot\u00f3k\u00f6r teljes d\u00edj\u00e1nak \u00e1tutal\u00e1s\u00e1val. &nbsp;Tov\u00e1bb\u00e1 a<strong>&nbsp;jelentkez\u00e9si lap kit\u00f6lt\u00e9se \u00e9s elk\u00fcld\u00e9se<\/strong>. (E-mail-ben lefot\u00f3zva is megfelel). Innen let\u00f6lthet\u0151 \u2013<a href=\"https:\/\/alkotoeletmod.hu\/wp-content\/uploads\/2023\/02\/JELENTKEZESI-LAP-Intuitiv-Tererzekeles-2023aprilis.docx\" target=\"_blank\" rel=\"noreferrer noopener\">&nbsp;<\/a>kattints ide!<\/p>\n<p><!-- \/wp:paragraph --><\/p>\n<p><!-- wp:paragraph --><\/p>\n<p>Az id\u0151pont \u00e9s a helysz\u00ednv\u00e1ltoztat\u00e1s jog\u00e1t fenntartom. (Id\u0151pontv\u00e1ltoztat\u00e1sn\u00e1l minden esetben egyeztet\u00fcnk a csoporttal, hogy mindenkinek megfelel\u0151 legyen.)<\/p>\n<p><!-- \/wp:paragraph --><\/p>\n<p><!-- wp:paragraph --><\/p>\n<p>OTP Bank \u2013 N\u00e9met Zsolt 11773425-06179849 K\u00e9rlek, hogy az utal\u00e1ssal egyid\u0151ben k\u00fcld el nekem a sz\u00e1mlac\u00edmedet. Csak mag\u00e1nszem\u00e9lyeknek \u00e1ll m\u00f3domban sz\u00e1ml\u00e1t ki\u00e1ll\u00edtani.<\/p>\n<p><!-- \/wp:paragraph --><\/p>\n<p><!-- wp:paragraph --><\/p>\n<p>Az \u00e1ltalam tartott m\u0171v\u00e9szetter\u00e1pi\u00e1s alkot\u00f3k\u00f6r eg\u00e9szs\u00e9ges emberek lelki egyens\u00faly\u00e1nak fenntart\u00e1s\u00e1ra, illetve helyre\u00e1ll\u00edt\u00e1s\u00e1ra ir\u00e1nyul\u00f3 \u00e9s arra alkalmas folyamat. Diagnosztiz\u00e1lt lelki zavar eset\u00e9n, vagy ha b\u00e1rmely m\u00e1s okb\u00f3l pszichol\u00f3gusi vagy pszichi\u00e1triai kezel\u00e9sre van sz\u00fcks\u00e9g, akkor ilyen szakemberhez kell fordulni.<\/p>\n<p><!-- \/wp:paragraph --><\/p>\n<p><!-- wp:paragraph --><\/p>\n<p>\u00c9rdekl\u0151d\u00e9sedet, jelentkez\u00e9sedet v\u00e1rom szeretettel!<\/p>\n<p><!-- \/wp:paragraph --><\/p>\n<p><!-- wp:paragraph --><\/p>\n<p>Gabi<\/p>\n<p><!-- \/wp:paragraph --><\/p>\n<p><!-- wp:paragraph --><\/p>\n<p>gabi@belsootthon.hu<\/p>\n<p><!-- \/wp:paragraph --><\/p>\t\t\t\t\t\t<\/div>\n\t\t\t\t<\/div>\n\t\t\t\t\t<\/div>\n\t\t\t\t<\/div>\n\t\t<div class=\"elementor-element elementor-element-d62ddbf e-flex e-con-boxed e-con e-parent\" data-id=\"d62ddbf\" data-element_type=\"container\" data-settings=\"{&quot;content_width&quot;:&quot;boxed&quot;}\" data-core-v316-plus=\"true\">\n\t\t\t\t\t<div class=\"e-con-inner\">\n\t\t<div class=\"elementor-element elementor-element-d00a6db e-con-full e-flex e-con e-child\" data-id=\"d00a6db\" data-element_type=\"container\" data-settings=\"{&quot;content_width&quot;:&quot;full&quot;}\">\n\t\t\t\t<div class=\"elementor-element elementor-element-0a9b05b elementor-widget elementor-widget-shortcode\" data-id=\"0a9b05b\" data-element_type=\"widget\" data-widget_type=\"shortcode.default\">\n\t\t\t\t<div class=\"elementor-widget-container\">\n\t\t\t\t\t<div class=\"elementor-shortcode\"><div class=\"wpforms-container wpforms-container-full wpforms-render-modern\" id=\"wpforms-320\"><form id=\"wpforms-form-320\" class=\"wpforms-validate wpforms-form wpforms-ajax-form\" data-formid=\"320\" method=\"post\" enctype=\"multipart\/form-data\" action=\"\/index.php\/wp-json\/wp\/v2\/pages\/176\" data-token=\"fbe9a348df90e54cb2f83aec61b20340\"><noscript class=\"wpforms-error-noscript\">Please enable JavaScript in your browser to complete this form.<\/noscript><div class=\"wpforms-hidden\" id=\"wpforms-error-noscript\">Please enable JavaScript in your browser to complete this form.<\/div><div class=\"wpforms-field-container\"><div id=\"wpforms-320-field_0-container\" class=\"wpforms-field wpforms-field-name\" data-field-id=\"0\"><label class=\"wpforms-field-label\" for=\"wpforms-320-field_0\">N\u00e9v <span class=\"wpforms-required-label\" aria-hidden=\"true\">*<\/span><\/label><input type=\"text\" id=\"wpforms-320-field_0\" class=\"wpforms-field-medium wpforms-field-required\" name=\"wpforms[fields][0]\" aria-errormessage=\"wpforms-320-field_0-error\" required><\/div><div id=\"wpforms-320-field_1-container\" class=\"wpforms-field wpforms-field-email\" data-field-id=\"1\"><label class=\"wpforms-field-label\" for=\"wpforms-320-field_1\">E-mail <span class=\"wpforms-required-label\" aria-hidden=\"true\">*<\/span><\/label><input type=\"email\" id=\"wpforms-320-field_1\" class=\"wpforms-field-medium wpforms-field-required\" name=\"wpforms[fields][1]\" spellcheck=\"false\" aria-errormessage=\"wpforms-320-field_1-error\" required><\/div><div id=\"wpforms-320-field_2-container\" class=\"wpforms-field wpforms-field-textarea\" data-field-id=\"2\"><label class=\"wpforms-field-label\" for=\"wpforms-320-field_2\">\u00dczenet<\/label><textarea id=\"wpforms-320-field_2\" class=\"wpforms-field-medium wpforms-limit-characters-enabled\" data-form-id=\"320\" data-field-id=\"2\" data-text-limit=\"2000\" name=\"wpforms[fields][2]\" aria-errormessage=\"wpforms-320-field_2-error\" maxlength=\"2000\" ><\/textarea><\/div><\/div><!-- .wpforms-field-container --><div class=\"wpforms-recaptcha-container wpforms-is-hcaptcha\" ><div class=\"g-recaptcha\" data-sitekey=\"cb59c5ad-0365-4448-9de2-9a442437dbed\"><\/div><input type=\"text\" name=\"g-recaptcha-hidden\" class=\"wpforms-recaptcha-hidden\" style=\"position:absolute!important;clip:rect(0,0,0,0)!important;height:1px!important;width:1px!important;border:0!important;overflow:hidden!important;padding:0!important;margin:0!important;\" data-rule-hcaptcha=\"1\"><\/div><div class=\"wpforms-submit-container\" ><input type=\"hidden\" name=\"wpforms[id]\" value=\"320\"><input type=\"hidden\" name=\"wpforms[author]\" value=\"1\"><button type=\"submit\" name=\"wpforms[submit]\" id=\"wpforms-submit-320\" class=\"wpforms-submit\" data-alt-text=\"Folyamatban...\" data-submit-text=\"K\u00fcld\u00e9s\" aria-live=\"assertive\" value=\"wpforms-submit\">K\u00fcld\u00e9s<\/button><img decoding=\"async\" src=\"https:\/\/belsootthon.hu\/wp-content\/plugins\/wpforms-lite\/assets\/images\/submit-spin.svg\" class=\"wpforms-submit-spinner\" style=\"display: none;\" width=\"26\" height=\"26\" alt=\"Loading\"><\/div><\/form><\/div>  <!-- .wpforms-container --><\/div>\n\t\t\t\t<\/div>\n\t\t\t\t<\/div>\n\t\t\t\t<\/div>\n\t\t<div class=\"elementor-element elementor-element-ce763b9 e-con-full e-flex e-con e-child\" data-id=\"ce763b9\" data-element_type=\"container\" data-settings=\"{&quot;content_width&quot;:&quot;full&quot;}\">\n\t\t\t\t<\/div>\n\t\t\t\t<div class=\"elementor-element elementor-element-9be94d0 elementor-widget elementor-widget-shortcode\" data-id=\"9be94d0\" data-element_type=\"widget\" data-widget_type=\"shortcode.default\">\n\t\t\t\t<div class=\"elementor-widget-container\">\n\t\t\t\t\t<div class=\"elementor-shortcode\"><\/div>\n\t\t\t\t<\/div>\n\t\t\t\t<\/div>\n\t\t\t\t\t<\/div>\n\t\t\t\t<\/div>\n\t\t\t\t<\/div>\n\t\t","protected":false},"excerpt":{"rendered":"<p>A bennem \u00e9l\u0151 t\u00e9r \u00fczen, \u00e1talak\u00edt, \u00e1raml\u00e1sba hoz\u2026 A t\u00e9r \u00f6nmagad megnyilv\u00e1nul\u00e1sa, azaz minden, amit sug\u00e1roz, az a benned lej\u00e1tsz\u00f3d\u00f3 folyamatokat t\u00fckr\u00f6zi. A t\u00e9r az&nbsp;\u00f6nismeret \u00e9s a szem\u00e9lyis\u00e9gfejl\u0151d\u00e9s&nbsp;eszk\u00f6ze. Mit jelent &hellip; <\/p>\n","protected":false},"author":1,"featured_media":302,"parent":0,"menu_order":0,"comment_status":"closed","ping_status":"closed","template":"","meta":{"ngg_post_thumbnail":0,"footnotes":""},"class_list":["post-176","page","type-page","status-publish","has-post-thumbnail","hentry","latest_post"],"_links":{"self":[{"href":"https:\/\/belsootthon.hu\/index.php\/wp-json\/wp\/v2\/pages\/176","targetHints":{"allow":["GET"]}}],"collection":[{"href":"https:\/\/belsootthon.hu\/index.php\/wp-json\/wp\/v2\/pages"}],"about":[{"href":"https:\/\/belsootthon.hu\/index.php\/wp-json\/wp\/v2\/types\/page"}],"author":[{"embeddable":true,"href":"https:\/\/belsootthon.hu\/index.php\/wp-json\/wp\/v2\/users\/1"}],"replies":[{"embeddable":true,"href":"https:\/\/belsootthon.hu\/index.php\/wp-json\/wp\/v2\/comments?post=176"}],"version-history":[{"count":16,"href":"https:\/\/belsootthon.hu\/index.php\/wp-json\/wp\/v2\/pages\/176\/revisions"}],"predecessor-version":[{"id":1099,"href":"https:\/\/belsootthon.hu\/index.php\/wp-json\/wp\/v2\/pages\/176\/revisions\/1099"}],"wp:featuredmedia":[{"embeddable":true,"href":"https:\/\/belsootthon.hu\/index.php\/wp-json\/wp\/v2\/media\/302"}],"wp:attachment":[{"href":"https:\/\/belsootthon.hu\/index.php\/wp-json\/wp\/v2\/media?parent=176"}],"curies":[{"name":"wp","href":"https:\/\/api.w.org\/{rel}","templated":true}]}}