{"id":19,"date":"2024-01-22T15:22:12","date_gmt":"2024-01-22T15:22:12","guid":{"rendered":"https:\/\/belsootthon.hu\/index.php\/contact\/"},"modified":"2024-02-08T18:44:38","modified_gmt":"2024-02-08T18:44:38","slug":"contact","status":"publish","type":"page","link":"https:\/\/belsootthon.hu\/index.php\/contact\/","title":{"rendered":"Kapcsolat"},"content":{"rendered":"\n<p>N\u00e9metn\u00e9 W\u00e9ber Gabi<\/p>\n\n\n\n<p>E-mail: gabi@belsootthon.hu<\/p>\n\n\n\n<p>06 309 167 618<\/p>\n","protected":false},"excerpt":{"rendered":"<p>N\u00e9metn\u00e9 W\u00e9ber Gabi E-mail: gabi@belsootthon.hu 06 309 167 618<\/p>\n","protected":false},"author":1,"featured_media":0,"parent":0,"menu_order":0,"comment_status":"closed","ping_status":"closed","template":"templates\/contact.php","meta":{"ngg_post_thumbnail":0,"footnotes":""},"class_list":["post-19","page","type-page","status-publish","hentry","latest_post"],"_links":{"self":[{"href":"https:\/\/belsootthon.hu\/index.php\/wp-json\/wp\/v2\/pages\/19","targetHints":{"allow":["GET"]}}],"collection":[{"href":"https:\/\/belsootthon.hu\/index.php\/wp-json\/wp\/v2\/pages"}],"about":[{"href":"https:\/\/belsootthon.hu\/index.php\/wp-json\/wp\/v2\/types\/page"}],"author":[{"embeddable":true,"href":"https:\/\/belsootthon.hu\/index.php\/wp-json\/wp\/v2\/users\/1"}],"replies":[{"embeddable":true,"href":"https:\/\/belsootthon.hu\/index.php\/wp-json\/wp\/v2\/comments?post=19"}],"version-history":[{"count":5,"href":"https:\/\/belsootthon.hu\/index.php\/wp-json\/wp\/v2\/pages\/19\/revisions"}],"predecessor-version":[{"id":767,"href":"https:\/\/belsootthon.hu\/index.php\/wp-json\/wp\/v2\/pages\/19\/revisions\/767"}],"wp:attachment":[{"href":"https:\/\/belsootthon.hu\/index.php\/wp-json\/wp\/v2\/media?parent=19"}],"curies":[{"name":"wp","href":"https:\/\/api.w.org\/{rel}","templated":true}]}}