{"id":47,"date":"2024-01-22T17:09:18","date_gmt":"2024-01-22T17:09:18","guid":{"rendered":"https:\/\/belsootthon.hu\/?page_id=47"},"modified":"2024-03-08T08:39:51","modified_gmt":"2024-03-08T08:39:51","slug":"rolam","status":"publish","type":"page","link":"https:\/\/belsootthon.hu\/index.php\/rolam\/","title":{"rendered":"R\u00f3lam"},"content":{"rendered":"\n<figure class=\"wp-block-gallery alignright has-nested-images columns-default is-cropped wp-block-gallery-1 is-layout-flex wp-block-gallery-is-layout-flex\">\n<figure class=\"wp-block-image size-large\"><img fetchpriority=\"high\" decoding=\"async\" width=\"768\" height=\"1024\" data-id=\"91\" src=\"https:\/\/belsootthon.hu\/wp-content\/uploads\/2024\/01\/320693732_833114001287055_6037288482161704704_n-768x1024.jpg\" alt=\"\" class=\"wp-image-91\" srcset=\"https:\/\/belsootthon.hu\/wp-content\/uploads\/2024\/01\/320693732_833114001287055_6037288482161704704_n-768x1024.jpg 768w, https:\/\/belsootthon.hu\/wp-content\/uploads\/2024\/01\/320693732_833114001287055_6037288482161704704_n-225x300.jpg 225w, https:\/\/belsootthon.hu\/wp-content\/uploads\/2024\/01\/320693732_833114001287055_6037288482161704704_n-1152x1536.jpg 1152w, https:\/\/belsootthon.hu\/wp-content\/uploads\/2024\/01\/320693732_833114001287055_6037288482161704704_n-45x60.jpg 45w, https:\/\/belsootthon.hu\/wp-content\/uploads\/2024\/01\/320693732_833114001287055_6037288482161704704_n.jpg 1536w\" sizes=\"(max-width: 768px) 100vw, 768px\" \/><\/figure>\n<\/figure>\n\n\n\n<p>N\u00e9metn\u00e9 W\u00e9ber Gabi vagyok, t\u00e9rrendez\u0151, m\u0171v\u00e9szetterapeuta \u00e9s \u00fcvegfest\u0151. R\u00e1k a napjegyem \u00e9s M\u00e9rleg az aszcendensem, nem is csoda, hogy az otthon, a csal\u00e1d, a l\u00e9lek dolgai sz\u00e1momra kulcsfontoss\u00e1g\u00faak. Ez az oka annak, hogy eredeti racion\u00e1lis szakm\u00e1mt\u00f3l elt\u00e1volodva spiritu\u00e1lis ir\u00e1nyba indultam el t\u00f6bb, mint h\u00fasz \u00e9vvel ezel\u0151tt. H\u00e1l\u00e1s vagyok, hogy azzal foglalkozhatok, amit szeretek. K\u00fcldet\u00e9semnek tartom, hogy a  hozz\u00e1m fordul\u00f3knak a k\u00fcls\u0151 \u00e9s a bels\u0151 harm\u00f3nia el\u00e9r\u00e9s\u00e9ben seg\u00edtsek. <\/p>\n\n\n\n<p>Hogyan seg\u00edtek?<\/p>\n\n\n\n<ul class=\"wp-block-list\">\n<li>2005 \u00f3ta t\u00e9rrendez\u00e9s tan\u00e1csad\u00e1ssal \u00e9s oktat\u00e1ssal,<\/li>\n\n\n\n<li>2012 \u00f3ta GabiGlassArt m\u00e1rkan\u00e9v alatt egyedi \u00fcveg\u00f3r\u00e1kat \u00e9s mandal\u00e1kat festek \u00e9s szimb\u00f3lumtan\u00e1csad\u00e1ssal is foglalkozom,<\/li>\n\n\n\n<li>2013 \u00f3ta m\u0171v\u00e9szetter\u00e1pi\u00e1s \u00e9s \u00fcvegfest\u0151 alkot\u00f3k\u00f6r\u00f6ket tartok.<\/li>\n<\/ul>\n\n\n\n<p>V\u00e9gzetts\u00e9geim:<\/p>\n\n\n\n<ul class=\"wp-block-list\">\n<li>Feng shui alap \u00e9s halad\u00f3 tanfolyam &#8211; \u00c9desv\u00edz Kiad\u00f3 (2004) <\/li>\n\n\n\n<li>Feng shui szak\u00e9rt\u0151 \u00e9s oktat\u00f3 &#8211; Magyar Term\u00e9szetgy\u00f3gy\u00e1szok Sz\u00f6vets\u00e9ge (2005)         (Bioenergetika, Rajzelemz\u00e9s, Radieszt\u00e9zia, Sz\u00e1mmisztika, Magyar t\u00e9rrendez\u00e9s, Vaszati, N\u00e9gyoszlopos sorsmeghat\u00e1roz\u00e1s)<\/li>\n\n\n\n<li>Vizu\u00e1lis Arcdiagnosztika &#8211; Metatron K\u00f6r (2005)<\/li>\n\n\n\n<li>Grafol\u00f3gus &#8211; Grafonet Szabadegyetem Kft. (2008)<\/li>\n\n\n\n<li>Lakberendez\u0151 &#8211; EFEB Feln\u0151ttoktat\u00e1si K\u00f6zpont Kft. (2009)<\/li>\n\n\n\n<li>Szem\u00e9lyis\u00e9gfejleszt\u00e9s komplex m\u0171v\u00e9szeti ter\u00e1pi\u00e1val &#8211; Lelki Eg\u00e9szs\u00e9gv\u00e9d\u0151 Alap\u00edtv\u00e1ny (2013) <\/li>\n\n\n\n<li>Komplex m\u0171v\u00e9szeti terapeuta &#8211; Wesley J\u00e1nos Lelk\u00e9szk\u00e9pz\u0151 F\u0151iskola (2016)<\/li>\n\n\n\n<li>Eg\u00e9szs\u00e9gv\u00e9d\u0151 \u00e9s fejleszt\u0151 komplex m\u0171v\u00e9szetterapeuta &#8211; Lelki Eg\u00e9szs\u00e9gv\u00e9d\u0151 Alap\u00edtv\u00e1ny (2023)<\/li>\n<\/ul>\n\n\n\n<p><strong>M\u00e9dia szerepl\u00e9sek, ki\u00e1ll\u00edt\u00e1sok: <\/strong><\/p>\n\n\n\n<ul class=\"wp-block-list\">\n<li>Ridik\u00fcl &#8211; M1 (2014), <\/li>\n\n\n\n<li>J\u00f3nak lenni j\u00f3 j\u00f3t\u00e9konys\u00e1gi m\u0171sor &#8211; Duna TV (2015),<\/li>\n\n\n\n<li>Csal\u00e1d Bar\u00e1t Magazin -Duna TV (2016. janu\u00e1r \u00e9s november, 2017, 2019, 2021, 2022)                                                                                                                                  Tov\u00e1bbi fot\u00f3kat ill. a felv\u00e9teleket <a href=\"https:\/\/belsootthon.hu\/index.php\/media\/\">Itt <\/a>lehet megn\u00e9zni.<\/li>\n<\/ul>\n\n\n\n<figure class=\"wp-block-image size-full is-resized\"><img decoding=\"async\" width=\"960\" height=\"640\" src=\"https:\/\/belsootthon.hu\/wp-content\/uploads\/2024\/01\/ridikuel2.jpg\" alt=\"Gabi Glass Art \u00fcvegfest\u0151 m\u0171hely\n\" class=\"wp-image-99\" style=\"width:746px;height:auto\" srcset=\"https:\/\/belsootthon.hu\/wp-content\/uploads\/2024\/01\/ridikuel2.jpg 960w, https:\/\/belsootthon.hu\/wp-content\/uploads\/2024\/01\/ridikuel2-300x200.jpg 300w, https:\/\/belsootthon.hu\/wp-content\/uploads\/2024\/01\/ridikuel2-768x512.jpg 768w, https:\/\/belsootthon.hu\/wp-content\/uploads\/2024\/01\/ridikuel2-90x60.jpg 90w, https:\/\/belsootthon.hu\/wp-content\/uploads\/2024\/01\/ridikuel2-370x247.jpg 370w, https:\/\/belsootthon.hu\/wp-content\/uploads\/2024\/01\/ridikuel2-776x517.jpg 776w\" sizes=\"(max-width: 960px) 100vw, 960px\" \/><\/figure>\n\n\n\n<p><\/p>\n\n\n\n<p><strong>Ki\u00e1ll\u00edt\u00e1saim:<\/strong><\/p>\n\n\n\n<ul class=\"wp-block-list\">\n<li><strong>Bemutatjuk j\u00e1r\u00e1saink tehets\u00e9ges m\u0171v\u00e9szeit ki\u00e1ll\u00edt\u00e1s<\/strong> \u2013 Budapest \u2013 Pest Megyei Korm\u00e1nyhivatal \u2013&nbsp; 2017. szeptember<\/li>\n\n\n\n<li><strong>\u00dcvegre \u00e1lmodok\u2026Gabi Glass Art Ki\u00e1ll\u00edt\u00e1s \u2013 2016. november 11. \u2013 Pilissz\u00e1nt\u00f3<\/strong>      K\u00e9pes besz\u00e1mol\u00f3 a ki\u00e1ll\u00edt\u00e1sr\u00f3l itt olvashat\u00f3 \u2013&nbsp;<a href=\"http:\/\/gabiglassart.blogspot.hu\/2016\/11\/uvegre-almodok-kiallitas-kepekben.html\">\u201c\u00dcvegre \u00e1lmodok\u201d ki\u00e1ll\u00edt\u00e1s k\u00e9pekben<\/a>     A Pilissz\u00e1nt\u00f3i H\u00edrmond\u00f3ban is megjelent egy cikk a ki\u00e1ll\u00edt\u00e1sr\u00f3l \u2013&nbsp;<a href=\"http:\/\/gabiglassart.com\/wp-content\/uploads\/2017\/01\/marton-nap-cikk.pdf\">marton-nap-cikk<\/a><\/li>\n\n\n\n<li><strong>Malek Andrea \u00e9s Bar\u00e1tai j\u00f3t\u00e9konys\u00e1gi rendezv\u00e9ny \u2013 Gabi Glass Art ki\u00e1ll\u00edt\u00e1s \u2013 2015. m\u00e1rcius \u2013 Budakal\u00e1sz<\/strong><\/li>\n\n\n\n<li>&nbsp;<strong>Gabi Glass Art ki\u00e1ll\u00edt\u00e1s- Fony\u00f3d<\/strong> (2014.)<\/li>\n<\/ul>\n\n\n\n<p>Tov\u00e1bbi fot\u00f3kat a ki\u00e1ll\u00edt\u00e1sokr\u00f3l <a href=\"https:\/\/alkotoeletmod.hu\/?page_id=592\">itt l\u00e1thatsz. <\/a><\/p>\n\n\n\n<figure class=\"wp-block-image size-large\"><img decoding=\"async\" width=\"1024\" height=\"541\" src=\"https:\/\/belsootthon.hu\/wp-content\/uploads\/2024\/01\/DSCN1179-1024x541.jpg\" alt=\"\" class=\"wp-image-108\" srcset=\"https:\/\/belsootthon.hu\/wp-content\/uploads\/2024\/01\/DSCN1179-1024x541.jpg 1024w, https:\/\/belsootthon.hu\/wp-content\/uploads\/2024\/01\/DSCN1179-300x159.jpg 300w, https:\/\/belsootthon.hu\/wp-content\/uploads\/2024\/01\/DSCN1179-768x406.jpg 768w, https:\/\/belsootthon.hu\/wp-content\/uploads\/2024\/01\/DSCN1179-1536x812.jpg 1536w, https:\/\/belsootthon.hu\/wp-content\/uploads\/2024\/01\/DSCN1179-2048x1083.jpg 2048w, https:\/\/belsootthon.hu\/wp-content\/uploads\/2024\/01\/DSCN1179-113x60.jpg 113w\" sizes=\"(max-width: 1024px) 100vw, 1024px\" \/><\/figure>\n\n\n\n<p>Kedvenc mott\u00f3m a k\u00f6vetkez\u0151:<\/p>\n\n\n\n<p><em>\u201eAlkotni annyi, mint \u00e9letet alkotni, \u00e9s minden&nbsp;<strong>alkot\u00e1s<\/strong>&nbsp;szavakkal kifejezhetetlen valami. \u201e<\/em><\/p>\n\n\n\n<p><em>Antoine de Saint-Exup\u00e9ry<\/em><\/p>\n","protected":false},"excerpt":{"rendered":"<p>N\u00e9metn\u00e9 W\u00e9ber Gabi vagyok, t\u00e9rrendez\u0151, m\u0171v\u00e9szetterapeuta \u00e9s \u00fcvegfest\u0151. R\u00e1k a napjegyem \u00e9s M\u00e9rleg az aszcendensem, nem is csoda, hogy az otthon, a csal\u00e1d, a l\u00e9lek dolgai sz\u00e1momra kulcsfontoss\u00e1g\u00faak. Ez az &hellip; <\/p>\n","protected":false},"author":1,"featured_media":91,"parent":0,"menu_order":0,"comment_status":"closed","ping_status":"closed","template":"elementor_header_footer","meta":{"ngg_post_thumbnail":0,"footnotes":""},"class_list":["post-47","page","type-page","status-publish","has-post-thumbnail","hentry","latest_post"],"_links":{"self":[{"href":"https:\/\/belsootthon.hu\/index.php\/wp-json\/wp\/v2\/pages\/47","targetHints":{"allow":["GET"]}}],"collection":[{"href":"https:\/\/belsootthon.hu\/index.php\/wp-json\/wp\/v2\/pages"}],"about":[{"href":"https:\/\/belsootthon.hu\/index.php\/wp-json\/wp\/v2\/types\/page"}],"author":[{"embeddable":true,"href":"https:\/\/belsootthon.hu\/index.php\/wp-json\/wp\/v2\/users\/1"}],"replies":[{"embeddable":true,"href":"https:\/\/belsootthon.hu\/index.php\/wp-json\/wp\/v2\/comments?post=47"}],"version-history":[{"count":18,"href":"https:\/\/belsootthon.hu\/index.php\/wp-json\/wp\/v2\/pages\/47\/revisions"}],"predecessor-version":[{"id":760,"href":"https:\/\/belsootthon.hu\/index.php\/wp-json\/wp\/v2\/pages\/47\/revisions\/760"}],"wp:featuredmedia":[{"embeddable":true,"href":"https:\/\/belsootthon.hu\/index.php\/wp-json\/wp\/v2\/media\/91"}],"wp:attachment":[{"href":"https:\/\/belsootthon.hu\/index.php\/wp-json\/wp\/v2\/media?parent=47"}],"curies":[{"name":"wp","href":"https:\/\/api.w.org\/{rel}","templated":true}]}}