{"id":645,"date":"2024-02-07T17:32:04","date_gmt":"2024-02-07T17:32:04","guid":{"rendered":"https:\/\/belsootthon.hu\/?page_id=645"},"modified":"2024-02-19T22:28:38","modified_gmt":"2024-02-19T22:28:38","slug":"egyeni","status":"publish","type":"page","link":"https:\/\/belsootthon.hu\/index.php\/egyeni\/","title":{"rendered":"Egy\u00e9ni"},"content":{"rendered":"\t\t<div data-elementor-type=\"wp-page\" data-elementor-id=\"645\" class=\"elementor elementor-645\">\n\t\t\t\t<div class=\"elementor-element elementor-element-3387bdb1 e-flex e-con-boxed e-con e-parent\" data-id=\"3387bdb1\" data-element_type=\"container\" data-settings=\"{&quot;content_width&quot;:&quot;boxed&quot;}\" data-core-v316-plus=\"true\">\n\t\t\t\t\t<div class=\"e-con-inner\">\n\t\t\t\t<div class=\"elementor-element elementor-element-6071b867 elementor-widget elementor-widget-text-editor\" data-id=\"6071b867\" data-element_type=\"widget\" data-widget_type=\"text-editor.default\">\n\t\t\t\t<div class=\"elementor-widget-container\">\n\t\t\t<style>\/*! elementor - v3.19.0 - 07-02-2024 *\/\n.elementor-widget-text-editor.elementor-drop-cap-view-stacked .elementor-drop-cap{background-color:#69727d;color:#fff}.elementor-widget-text-editor.elementor-drop-cap-view-framed .elementor-drop-cap{color:#69727d;border:3px solid;background-color:transparent}.elementor-widget-text-editor:not(.elementor-drop-cap-view-default) .elementor-drop-cap{margin-top:8px}.elementor-widget-text-editor:not(.elementor-drop-cap-view-default) .elementor-drop-cap-letter{width:1em;height:1em}.elementor-widget-text-editor .elementor-drop-cap{float:left;text-align:center;line-height:1;font-size:50px}.elementor-widget-text-editor .elementor-drop-cap-letter{display:inline-block}<\/style>\t\t\t\t<!-- wp:paragraph -->\n<p><strong>Ecset, szell\u0151, Pilis\u2026 \u2013 Egy\u00e9ni alkot\u00f3foglalkoz\u00e1s Pilissz\u00e1nt\u00f3n<\/strong><\/p>\n<!-- \/wp:paragraph -->\n\n<!-- wp:paragraph -->\n<p>Az egy\u00e9ni foglalkoz\u00e1son alkotunk a <strong>GabiGlassArt m\u0171helyben \u00e9s\/vagy a term\u00e9szetben<\/strong> is. Minden esetben az els\u0151 alkot\u00e1sn\u00e1l d\u0151l el, hogy merre megy\u00fcnk (erd\u0151, mez\u0151, t\u00f3, forr\u00e1s, kil\u00e1t\u00f3, barlang stb.). Ez egy k\u00f6z\u00f6s intuit\u00edv \u00fat, amelyen minden figyelmem a ti\u00e9d. A hangulatos m\u0171helyben, vagy a term\u00e9szetben nyugodt k\u00f6r\u00fclm\u00e9nyek k\u00f6z\u00f6tt alkotunk. <\/p>\n<!-- \/wp:paragraph -->\n\n<!-- wp:paragraph -->\n<p>Amennyiben az id\u0151 engedi, k\u00fcl\u00f6nleges term\u00e9szeti helyekre megy\u00fcnk el, ahol a k\u00fcls\u0151 t\u00e9r \u00e9s a bels\u0151 t\u00e9r tal\u00e1lkozik \u00e9s \u00fczen sz\u00e1munkra. A viszonyul\u00e1som a t\u00e9rhez t\u00fckr\u00f6zi azt, hogy hol tartok \u00e9ppen az \u00e9letemben. A t\u00e9r nemcsak \u00fczen, hanem kiegyens\u00falyoz, felszabad\u00edt is, ha \u00e1tadom magamat neki.<\/p>\n<!-- \/wp:paragraph -->\n\n<!-- wp:image {\"id\":270,\"sizeSlug\":\"large\",\"linkDestination\":\"none\"} -->\n<figure class=\"wp-block-image size-large\"><img fetchpriority=\"high\" decoding=\"async\" width=\"1024\" height=\"614\" src=\"https:\/\/belsootthon.hu\/wp-content\/uploads\/2024\/01\/20150710_172859-1-1024x614.jpg\" alt=\"\" class=\"wp-image-270\" srcset=\"https:\/\/belsootthon.hu\/wp-content\/uploads\/2024\/01\/20150710_172859-1-1024x614.jpg 1024w, https:\/\/belsootthon.hu\/wp-content\/uploads\/2024\/01\/20150710_172859-1-300x180.jpg 300w, https:\/\/belsootthon.hu\/wp-content\/uploads\/2024\/01\/20150710_172859-1-768x461.jpg 768w, https:\/\/belsootthon.hu\/wp-content\/uploads\/2024\/01\/20150710_172859-1-1536x922.jpg 1536w, https:\/\/belsootthon.hu\/wp-content\/uploads\/2024\/01\/20150710_172859-1-2048x1229.jpg 2048w, https:\/\/belsootthon.hu\/wp-content\/uploads\/2024\/01\/20150710_172859-1-100x60.jpg 100w\" sizes=\"(max-width: 1024px) 100vw, 1024px\" \/><\/figure>\n<!-- \/wp:image -->\n\n<!-- wp:paragraph -->\n<p><strong>Szem\u00e9lyre szabott <\/strong>\u00a0folyamatos programra is van lehet\u0151s\u00e9g, amit az egy\u00e9ni halad\u00e1sod, ill. a m\u00e9ly\u00fcl\u00e9s ig\u00e9ny\u00e9nek megfelel\u0151en dolgozok ki. A k\u00f6z\u00f6s munka fel\u00f6lelhet n\u00e9h\u00e1ny alkalmat, vagy ak\u00e1r egy hosszabb id\u0151szakot is. Az id\u0151pontokat rugalmasan tudjuk egyeztetni. <\/p>\n<!-- \/wp:paragraph -->\n\n<!-- wp:paragraph -->\n<p><strong>Az egy\u00e9ni program felt\u00e9telei:<\/strong><\/p>\n<!-- \/wp:paragraph -->\n\n<!-- wp:paragraph -->\n<p> 1 alkalom kb. k\u00e9t \u00f3r\u00e1s &#8211; az \u00e1ra: 25 000ft (30 000 ft helyett)<\/p>\n<!-- \/wp:paragraph -->\n\n<!-- wp:paragraph -->\n<p>Hossz\u00fat\u00e1v\u00fa elk\u00f6telez\u0151d\u00e9s eset\u00e9n kedvezm\u00e9nyes b\u00e9rletet tudok adni.  (3 alkalom 65 000ft, 5 alkalom 100 000ft.)<\/p>\n<!-- \/wp:paragraph -->\n\n<!-- wp:paragraph -->\n<p>A fenti \u00e1r tartalmazza az anyagk\u00f6lts\u00e9get is. <\/p>\n<!-- \/wp:paragraph -->\n\n<!-- wp:paragraph -->\n<p><strong>ONLINE foglalkoz\u00e1sra<\/strong> is lehet\u0151s\u00e9ged van, ha kev\u00e9s az id\u0151d, nem szeretn\u00e9l utazni, vagy k\u00fclf\u00f6ld\u00f6n \u00e9lsz. Massangeren vagy Viberen tudunk vide\u00f3h\u00edv\u00e1sban tal\u00e1lkozni a virtu\u00e1lis t\u00e9rben. Ebben az esetben el\u0151zetes egyeztet\u00e9s sz\u00fcks\u00e9ges az el\u0151k\u00e9sz\u00fcletek miatt (alkot\u00f3eszk\u00f6z\u00f6k, zenelej\u00e1tsz\u00e1s stb.) A fizet\u00e9s el\u0151re utal\u00e1ssal t\u00f6rt\u00e9nik. (Az \u00e1rakat fentebb olvashatod.) <\/p>\n<!-- \/wp:paragraph -->\n\n<!-- wp:paragraph -->\n<p>Keress meg \u00e9s megbesz\u00e9lj\u00fck a r\u00e9szleteket. <\/p>\n<!-- \/wp:paragraph -->\n\n<!-- wp:paragraph -->\n<p>Szeretettel v\u00e1rom az \u00e9rdekl\u0151d\u00e9sedet!<\/p>\n<!-- \/wp:paragraph -->\n\n<!-- wp:paragraph -->\n<p>Gabi<\/p>\n<!-- \/wp:paragraph -->\n\n<!-- wp:paragraph -->\n<p>gabi@belsootthon.hu<\/p>\n<!-- \/wp:paragraph -->\t\t\t\t\t\t<\/div>\n\t\t\t\t<\/div>\n\t\t\t\t\t<\/div>\n\t\t\t\t<\/div>\n\t\t<div class=\"elementor-element elementor-element-dd1a9ae e-flex e-con-boxed e-con e-parent\" data-id=\"dd1a9ae\" data-element_type=\"container\" data-settings=\"{&quot;content_width&quot;:&quot;boxed&quot;}\" data-core-v316-plus=\"true\">\n\t\t\t\t\t<div class=\"e-con-inner\">\n\t\t<div class=\"elementor-element elementor-element-7481d10 e-con-full e-flex e-con e-child\" data-id=\"7481d10\" data-element_type=\"container\" data-settings=\"{&quot;content_width&quot;:&quot;full&quot;}\">\n\t\t\t\t<div class=\"elementor-element elementor-element-5e02dac elementor-widget elementor-widget-shortcode\" data-id=\"5e02dac\" data-element_type=\"widget\" data-widget_type=\"shortcode.default\">\n\t\t\t\t<div class=\"elementor-widget-container\">\n\t\t\t\t\t<div class=\"elementor-shortcode\"><div class=\"wpforms-container wpforms-container-full wpforms-render-modern\" id=\"wpforms-320\"><form id=\"wpforms-form-320\" class=\"wpforms-validate wpforms-form wpforms-ajax-form\" data-formid=\"320\" method=\"post\" enctype=\"multipart\/form-data\" action=\"\/index.php\/wp-json\/wp\/v2\/pages\/645\" data-token=\"93ab79b713ac3cc7929f13a06bddc370\"><noscript class=\"wpforms-error-noscript\">Please enable JavaScript in your browser to complete this form.<\/noscript><div class=\"wpforms-hidden\" id=\"wpforms-error-noscript\">Please enable JavaScript in your browser to complete this form.<\/div><div class=\"wpforms-field-container\"><div id=\"wpforms-320-field_0-container\" class=\"wpforms-field wpforms-field-name\" data-field-id=\"0\"><label class=\"wpforms-field-label\" for=\"wpforms-320-field_0\">N\u00e9v <span class=\"wpforms-required-label\" aria-hidden=\"true\">*<\/span><\/label><input type=\"text\" id=\"wpforms-320-field_0\" class=\"wpforms-field-medium wpforms-field-required\" name=\"wpforms[fields][0]\" aria-errormessage=\"wpforms-320-field_0-error\" required><\/div><div id=\"wpforms-320-field_1-container\" class=\"wpforms-field wpforms-field-email\" data-field-id=\"1\"><label class=\"wpforms-field-label\" for=\"wpforms-320-field_1\">E-mail <span class=\"wpforms-required-label\" aria-hidden=\"true\">*<\/span><\/label><input type=\"email\" id=\"wpforms-320-field_1\" class=\"wpforms-field-medium wpforms-field-required\" name=\"wpforms[fields][1]\" spellcheck=\"false\" aria-errormessage=\"wpforms-320-field_1-error\" required><\/div><div id=\"wpforms-320-field_2-container\" class=\"wpforms-field wpforms-field-textarea\" data-field-id=\"2\"><label class=\"wpforms-field-label\" for=\"wpforms-320-field_2\">\u00dczenet<\/label><textarea id=\"wpforms-320-field_2\" class=\"wpforms-field-medium wpforms-limit-characters-enabled\" data-form-id=\"320\" data-field-id=\"2\" data-text-limit=\"2000\" name=\"wpforms[fields][2]\" aria-errormessage=\"wpforms-320-field_2-error\" maxlength=\"2000\" ><\/textarea><\/div><\/div><!-- .wpforms-field-container --><div class=\"wpforms-recaptcha-container wpforms-is-hcaptcha\" ><div class=\"g-recaptcha\" data-sitekey=\"cb59c5ad-0365-4448-9de2-9a442437dbed\"><\/div><input type=\"text\" name=\"g-recaptcha-hidden\" class=\"wpforms-recaptcha-hidden\" style=\"position:absolute!important;clip:rect(0,0,0,0)!important;height:1px!important;width:1px!important;border:0!important;overflow:hidden!important;padding:0!important;margin:0!important;\" data-rule-hcaptcha=\"1\"><\/div><div class=\"wpforms-submit-container\" ><input type=\"hidden\" name=\"wpforms[id]\" value=\"320\"><input type=\"hidden\" name=\"wpforms[author]\" value=\"1\"><button type=\"submit\" name=\"wpforms[submit]\" id=\"wpforms-submit-320\" class=\"wpforms-submit\" data-alt-text=\"Folyamatban...\" data-submit-text=\"K\u00fcld\u00e9s\" aria-live=\"assertive\" value=\"wpforms-submit\">K\u00fcld\u00e9s<\/button><img decoding=\"async\" src=\"https:\/\/belsootthon.hu\/wp-content\/plugins\/wpforms-lite\/assets\/images\/submit-spin.svg\" class=\"wpforms-submit-spinner\" style=\"display: none;\" width=\"26\" height=\"26\" alt=\"Loading\"><\/div><\/form><\/div>  <!-- .wpforms-container --><\/div>\n\t\t\t\t<\/div>\n\t\t\t\t<\/div>\n\t\t\t\t<\/div>\n\t\t<div class=\"elementor-element elementor-element-1baa236 e-con-full e-flex e-con e-child\" data-id=\"1baa236\" data-element_type=\"container\" data-settings=\"{&quot;content_width&quot;:&quot;full&quot;}\">\n\t\t\t\t<\/div>\n\t\t\t\t<div class=\"elementor-element elementor-element-051f7ad elementor-widget elementor-widget-shortcode\" data-id=\"051f7ad\" data-element_type=\"widget\" data-widget_type=\"shortcode.default\">\n\t\t\t\t<div class=\"elementor-widget-container\">\n\t\t\t\t\t<div class=\"elementor-shortcode\"><\/div>\n\t\t\t\t<\/div>\n\t\t\t\t<\/div>\n\t\t\t\t\t<\/div>\n\t\t\t\t<\/div>\n\t\t\t\t<\/div>\n\t\t","protected":false},"excerpt":{"rendered":"<p>Ecset, szell\u0151, Pilis\u2026 \u2013 Egy\u00e9ni alkot\u00f3foglalkoz\u00e1s Pilissz\u00e1nt\u00f3n Az egy\u00e9ni foglalkoz\u00e1son alkotunk a GabiGlassArt m\u0171helyben \u00e9s\/vagy a term\u00e9szetben is. Minden esetben az els\u0151 alkot\u00e1sn\u00e1l d\u0151l el, hogy merre megy\u00fcnk (erd\u0151, mez\u0151, &hellip; <\/p>\n","protected":false},"author":1,"featured_media":258,"parent":0,"menu_order":0,"comment_status":"closed","ping_status":"closed","template":"","meta":{"ngg_post_thumbnail":0,"footnotes":""},"class_list":["post-645","page","type-page","status-publish","has-post-thumbnail","hentry","latest_post"],"_links":{"self":[{"href":"https:\/\/belsootthon.hu\/index.php\/wp-json\/wp\/v2\/pages\/645","targetHints":{"allow":["GET"]}}],"collection":[{"href":"https:\/\/belsootthon.hu\/index.php\/wp-json\/wp\/v2\/pages"}],"about":[{"href":"https:\/\/belsootthon.hu\/index.php\/wp-json\/wp\/v2\/types\/page"}],"author":[{"embeddable":true,"href":"https:\/\/belsootthon.hu\/index.php\/wp-json\/wp\/v2\/users\/1"}],"replies":[{"embeddable":true,"href":"https:\/\/belsootthon.hu\/index.php\/wp-json\/wp\/v2\/comments?post=645"}],"version-history":[{"count":8,"href":"https:\/\/belsootthon.hu\/index.php\/wp-json\/wp\/v2\/pages\/645\/revisions"}],"predecessor-version":[{"id":924,"href":"https:\/\/belsootthon.hu\/index.php\/wp-json\/wp\/v2\/pages\/645\/revisions\/924"}],"wp:featuredmedia":[{"embeddable":true,"href":"https:\/\/belsootthon.hu\/index.php\/wp-json\/wp\/v2\/media\/258"}],"wp:attachment":[{"href":"https:\/\/belsootthon.hu\/index.php\/wp-json\/wp\/v2\/media?parent=645"}],"curies":[{"name":"wp","href":"https:\/\/api.w.org\/{rel}","templated":true}]}}