{"id":647,"date":"2024-02-07T17:33:22","date_gmt":"2024-02-07T17:33:22","guid":{"rendered":"https:\/\/belsootthon.hu\/?page_id=647"},"modified":"2024-03-19T10:09:15","modified_gmt":"2024-03-19T09:09:15","slug":"kiteljesedes-alkotokor","status":"publish","type":"page","link":"https:\/\/belsootthon.hu\/index.php\/kiteljesedes-alkotokor\/","title":{"rendered":"\u00dajj\u00e1sz\u00fclet\u00e9s Alkot\u00f3k\u00f6r"},"content":{"rendered":"\t\t<div data-elementor-type=\"wp-page\" data-elementor-id=\"647\" class=\"elementor elementor-647\">\n\t\t\t\t<div class=\"elementor-element elementor-element-1cfd048 e-flex e-con-boxed e-con e-parent\" data-id=\"1cfd048\" data-element_type=\"container\" data-settings=\"{&quot;content_width&quot;:&quot;boxed&quot;}\" data-core-v316-plus=\"true\">\n\t\t\t\t\t<div class=\"e-con-inner\">\n\t\t\t\t<div class=\"elementor-element elementor-element-6614ec0d elementor-widget elementor-widget-text-editor\" data-id=\"6614ec0d\" data-element_type=\"widget\" data-widget_type=\"text-editor.default\">\n\t\t\t\t<div class=\"elementor-widget-container\">\n\t\t\t<style>\/*! elementor - v3.19.0 - 07-02-2024 *\/\n.elementor-widget-text-editor.elementor-drop-cap-view-stacked .elementor-drop-cap{background-color:#69727d;color:#fff}.elementor-widget-text-editor.elementor-drop-cap-view-framed .elementor-drop-cap{color:#69727d;border:3px solid;background-color:transparent}.elementor-widget-text-editor:not(.elementor-drop-cap-view-default) .elementor-drop-cap{margin-top:8px}.elementor-widget-text-editor:not(.elementor-drop-cap-view-default) .elementor-drop-cap-letter{width:1em;height:1em}.elementor-widget-text-editor .elementor-drop-cap{float:left;text-align:center;line-height:1;font-size:50px}.elementor-widget-text-editor .elementor-drop-cap-letter{display:inline-block}<\/style>\t\t\t\t<p><!-- wp:paragraph --><\/p>\n<p><strong>\u201e\u00c1ldozatb\u00f3l \u00c1ld\u00e1s\u201d<\/strong><\/p>\n<p><!-- \/wp:paragraph --><\/p>\n<p><!-- wp:paragraph --><\/p>\n<p>A szenved\u00e9s \u00fatj\u00e1t j\u00e1rod, vagy a szenved\u00e9ly\u00e9t?<\/p>\n<p><!-- \/wp:paragraph --><\/p>\n<p><!-- wp:paragraph --><\/p>\n<p>El tudsz tiszta lappal indulni, vagy leh\u00fazod magadat a m\u00faltb\u00f3l hozott \u00f6nkorl\u00e1toz\u00f3 hiedelmeiddel?<\/p>\n<p><!-- \/wp:paragraph --><\/p>\n<p><!-- wp:paragraph --><\/p>\n<p>Hajland\u00f3 vagy szemben\u00e9zni a m\u00faltb\u00f3l hozott terheiddel \u00e9s lerakni azokat egy f\u00e9nyesebb jelen\u00e9rt \u00e9s j\u00f6v\u0151\u00e9rt?<\/p>\n<p><!-- \/wp:paragraph --><\/p>\n<p><!-- wp:image {\"id\":714,\"sizeSlug\":\"large\",\"linkDestination\":\"none\"} --><\/p>\n<figure class=\"wp-block-image size-large\"><img fetchpriority=\"high\" decoding=\"async\" width=\"768\" height=\"1024\" class=\"wp-image-714\" src=\"https:\/\/belsootthon.hu\/wp-content\/uploads\/2024\/02\/22.-Csak-a-kereszt-mellol-vilagosodik-768x1024.jpg\" alt=\"\" srcset=\"https:\/\/belsootthon.hu\/wp-content\/uploads\/2024\/02\/22.-Csak-a-kereszt-mellol-vilagosodik-768x1024.jpg 768w, https:\/\/belsootthon.hu\/wp-content\/uploads\/2024\/02\/22.-Csak-a-kereszt-mellol-vilagosodik-225x300.jpg 225w, https:\/\/belsootthon.hu\/wp-content\/uploads\/2024\/02\/22.-Csak-a-kereszt-mellol-vilagosodik-1152x1536.jpg 1152w, https:\/\/belsootthon.hu\/wp-content\/uploads\/2024\/02\/22.-Csak-a-kereszt-mellol-vilagosodik-1536x2048.jpg 1536w, https:\/\/belsootthon.hu\/wp-content\/uploads\/2024\/02\/22.-Csak-a-kereszt-mellol-vilagosodik-45x60.jpg 45w, https:\/\/belsootthon.hu\/wp-content\/uploads\/2024\/02\/22.-Csak-a-kereszt-mellol-vilagosodik-1320x1760.jpg 1320w, https:\/\/belsootthon.hu\/wp-content\/uploads\/2024\/02\/22.-Csak-a-kereszt-mellol-vilagosodik.jpg 1920w\" sizes=\"(max-width: 768px) 100vw, 768px\" \/><\/figure>\n<p><!-- \/wp:image --><\/p>\n<p><!-- wp:paragraph --><\/p>\n<p>A k\u00f6vetkez\u0151\u00a0<strong>t\u00e9m\u00e1kat<\/strong>\u00a0\u00e9rintj\u00fck<strong>\u00a0az alkot\u00f3k\u00f6rben:<\/strong><\/p>\n<p><!-- \/wp:paragraph --><\/p>\n<p><!-- wp:list --><\/p>\n<ul>\n<li style=\"list-style-type: none;\">\n<ul><!-- wp:list-item --><\/ul>\n<\/li>\n<\/ul>\n<p>\u00a0<\/p>\n<ul>\n<li style=\"list-style-type: none;\">\n<ul>\n<li>\u00c1ldozati l\u00e9t, terhek, \u00f6nb\u00fcntet\u00e9s, \u00f6nszeretet, \u00f6nbizalom, kibontakoz\u00e1s<\/li>\n<\/ul>\n<\/li>\n<\/ul>\n<p><!-- \/wp:list-item --><\/p>\n<p><!-- \/wp:list --><\/p>\n<p><!-- wp:paragraph --><\/p>\n<p><strong>Mennyire igazak R\u00e1d az al\u00e1bbi \u00e1ll\u00edt\u00e1sok?\u00a0<\/strong><\/p>\n<p><!-- \/wp:paragraph --><\/p>\n<p><!-- wp:list --><\/p>\n<ul>\n<li style=\"list-style-type: none;\">\n<ul><!-- wp:list-item --><\/ul>\n<\/li>\n<\/ul>\n<p>\u00a0<\/p>\n<ul>\n<li style=\"list-style-type: none;\">\n<ul>\n<li>pr\u00f3b\u00e1lsz v\u00e1ltoztatni, de nem megy,<\/li>\n<\/ul>\n<\/li>\n<\/ul>\n<p><!-- \/wp:list-item --><\/p>\n<p><!-- wp:list-item --><\/p>\n<ul>\n<li style=\"list-style-type: none;\">\n<ul>\n<li><strong>bel\u00fcl lemondt\u00e1l m\u00e1r arr\u00f3l, hogy megtal\u00e1lod<\/strong>\u00a0a saj\u00e1t utadat,<\/li>\n<\/ul>\n<\/li>\n<\/ul>\n<p><!-- \/wp:list-item --><\/p>\n<p><!-- wp:list-item --><\/p>\n<ul>\n<li style=\"list-style-type: none;\">\n<ul>\n<li>nem tudsz szenved\u00e9llyel belefogni \u00faj dolgokba \u00e9s kitartani mellett\u00fck,<\/li>\n<\/ul>\n<\/li>\n<\/ul>\n<p><!-- \/wp:list-item --><\/p>\n<p><!-- wp:list-item --><\/p>\n<ul>\n<li style=\"list-style-type: none;\">\n<ul>\n<li><strong>nem tud<\/strong>sz meg\u00fajulni.<\/li>\n<\/ul>\n<\/li>\n<\/ul>\n<p><!-- \/wp:list-item --><\/p>\n<p><!-- \/wp:list --><\/p>\n<p><!-- wp:paragraph --><\/p>\n<p><strong>Ha magadra ismersz \u00e9s szeretn\u00e9l v\u00e1ltoztatni, aj\u00e1nlom Neked az \u00dajj\u00e1sz\u00fclet\u00e9s alkot\u00f3k\u00f6rt.<\/strong><\/p>\n<p><!-- \/wp:paragraph --><\/p>\n<p><!-- wp:paragraph --><\/p>\n<p><strong>Ez a m\u0171v\u00e9szetter\u00e1pi\u00e1s alkot\u00f3k\u00f6r Neked sz\u00f3l, amennyiben:<\/strong><\/p>\n<p><!-- \/wp:paragraph --><\/p>\n<p><!-- wp:list --><\/p>\n<ul>\n<li style=\"list-style-type: none;\">\n<ul><!-- wp:list-item --><\/ul>\n<\/li>\n<\/ul>\n<p>\u00a0<\/p>\n<ul>\n<li style=\"list-style-type: none;\">\n<ul>\n<li>szeretn\u00e9l\u00a0a v\u00e1ltoz\u00e1s \u00fatj\u00e1ra l\u00e9pni,<\/li>\n<\/ul>\n<\/li>\n<\/ul>\n<p><!-- \/wp:list-item --><\/p>\n<p><!-- wp:list-item --><\/p>\n<ul>\n<li style=\"list-style-type: none;\">\n<ul>\n<li>szeretn\u00e9d az \u00f6nsanyargat\u00e1s helyett az \u00f6nszeretet meg\u00e9lni,<\/li>\n<\/ul>\n<\/li>\n<\/ul>\n<p><!-- \/wp:list-item --><\/p>\n<p><!-- wp:list-item --><\/p>\n<ul>\n<li style=\"list-style-type: none;\">\n<ul>\n<li>szeretn\u00e9l tiszt\u00e1bban r\u00e1l\u00e1tni saj\u00e1t magadra, az \u00e9letedetre,<\/li>\n<\/ul>\n<\/li>\n<\/ul>\n<p><!-- \/wp:list-item --><\/p>\n<p><!-- wp:list-item --><\/p>\n<ul>\n<li style=\"list-style-type: none;\">\n<ul>\n<li>szeretn\u00e9l \u00fajj\u00e1sz\u00fcletni.<\/li>\n<\/ul>\n<\/li>\n<\/ul>\n<p><!-- \/wp:list-item --><\/p>\n<p><!-- \/wp:list --><\/p>\n<p><!-- wp:image {\"id\":715,\"sizeSlug\":\"large\",\"linkDestination\":\"none\"} --><\/p>\n<figure class=\"wp-block-image size-large\"><img decoding=\"async\" width=\"1024\" height=\"614\" class=\"wp-image-715\" src=\"https:\/\/belsootthon.hu\/wp-content\/uploads\/2024\/02\/20150220_084114-1024x614.jpg\" alt=\"\" srcset=\"https:\/\/belsootthon.hu\/wp-content\/uploads\/2024\/02\/20150220_084114-1024x614.jpg 1024w, https:\/\/belsootthon.hu\/wp-content\/uploads\/2024\/02\/20150220_084114-300x180.jpg 300w, https:\/\/belsootthon.hu\/wp-content\/uploads\/2024\/02\/20150220_084114-768x461.jpg 768w, https:\/\/belsootthon.hu\/wp-content\/uploads\/2024\/02\/20150220_084114-1536x922.jpg 1536w, https:\/\/belsootthon.hu\/wp-content\/uploads\/2024\/02\/20150220_084114-2048x1229.jpg 2048w, https:\/\/belsootthon.hu\/wp-content\/uploads\/2024\/02\/20150220_084114-100x60.jpg 100w, https:\/\/belsootthon.hu\/wp-content\/uploads\/2024\/02\/20150220_084114-1320x792.jpg 1320w\" sizes=\"(max-width: 1024px) 100vw, 1024px\" \/><\/figure>\n<p><!-- \/wp:image --><\/p>\n<p><!-- wp:paragraph --><\/p>\n<p><strong>R\u00f6vid elm\u00e9leti bevezet\u0151 ill. r\u00e1hangol\u00f3d\u00e1s (relax\u00e1ci\u00f3, zene, vers, mese ) ut\u00e1n k\u00f6vetkezik a k\u00fcl\u00f6nb\u00f6z\u0151 eszk\u00f6z\u00f6kkel\u00a0 t\u00f6rt\u00e9n\u0151 alkot\u00e1s (akvarell, porpasztell, olajpasztell, mont\u00e1zsk\u00e9sz\u00edt\u00e9s, agyagoz\u00e1s stb.) , majd a munk\u00e1k k\u00f6z\u00f6s megbesz\u00e9l\u00e9se.\u00a0<\/strong>Az alkot\u00e1sokr\u00f3l nem besz\u00e9l\u00fcnk eszt\u00e9tikai szempontb\u00f3l, kiz\u00e1r\u00f3lag\u00a0<strong>az \u00e9rz\u00e9seinket, benyom\u00e1sainkat<\/strong>\u00a0osztjuk meg egym\u00e1ssal. <strong>A r\u00e9szv\u00e9tel semmif\u00e9le m\u0171v\u00e9szeti el\u0151k\u00e9pzetts\u00e9get, rajztud\u00e1st nem ig\u00e9nyel.<\/strong>\u00a0Az alkot\u00f3k\u00f6r nem m\u0171v\u00e9szk\u00e9pz\u00e9s, teh\u00e1t nem a rajz, fest\u00e9s \u00e9s egy\u00e9b k\u00e9szs\u00e9gekkel foglalkozunk, hanem a m\u0171v\u00e9szetet mint gy\u00f3gy\u00edt\u00f3 eszk\u00f6zt alkalmazzuk. A c\u00e9l nem a v\u00e9geredm\u00e9ny, hanem<strong>\u00a0a folyamat \u00e1t\u00e9l\u00e9se.\u00a0<\/strong>Az alkot\u00f3k\u00f6r c\u00e9lja a\u00a0<strong>bels\u0151 lelki tartalmak alkot\u00e1ssal t\u00f6rt\u00e9n\u0151 megjelen\u00edt\u00e9se<\/strong>.<\/p>\n<p><!-- \/wp:paragraph --><\/p>\n<p><!-- wp:paragraph --><\/p>\n<p>A sz\u00fcks\u00e9ges eszk\u00f6z\u00f6ket \u00e9n biztos\u00edtom. (pap\u00edrok, ceruz\u00e1k, fest\u00e9kek, agyag stb.)<\/p>\n<p><!-- \/wp:paragraph --><\/p>\n<p><!-- wp:paragraph --><\/p>\n<p><strong>Az alkot\u00f3k\u00f6r kezd\u0151 id\u0151pontja<\/strong>:\u00a02024. \u00e1prilis\u00e1ban folyamatosan. Szombati, vagy h\u00e9tk\u00f6znapi napokon 10-16 \u00f3r\u00e1ig (Egyeztess\u00fcnk, k\u00e9rlek \u00edrj e-mail-t. )<\/p>\n<p><!-- \/wp:paragraph --><\/p>\n<p><!-- wp:paragraph --><\/p>\n<p><strong>Helysz\u00edn:\u00a0Pilissz\u00e1nt\u00f3 \u00e9s k\u00f6rny\u00e9ke<\/strong> &#8211; Alkotni fogunk a term\u00e9szetben (a Pilis hegy oldal\u00e1ban), ez\u00e9rt k\u00e9rlek k\u00e9nyelmes ruh\u00e1ba \u00e9s cip\u0151be gyere.<\/p>\n<p><!-- \/wp:paragraph --><\/p>\n<p><!-- wp:paragraph --><\/p>\n<p><strong>Az alkot\u00f3k\u00f6r \u00e1ra<\/strong>: 25 000 ft\/f\u0151. Az \u00e1r tartalmazza a felhaszn\u00e1lt anyagok k\u00f6lts\u00e9g\u00e9t is.<\/p>\n<p><strong>Csoportos kedvezm\u00e9nnyel:<\/strong><\/p>\n<p><strong>Gyertek el a bar\u00e1tn\u0151iddel k\u00f6z\u00f6sen.\u00a0<img decoding=\"async\" class=\"emoji\" role=\"img\" draggable=\"false\" src=\"https:\/\/s.w.org\/images\/core\/emoji\/14.0.0\/svg\/1f642.svg\" alt=\"\ud83d\ude42\" \/>\u00a0 Jelentkezettek h\u00e1rman \u2013 n\u00e9gyen egy\u00fctt, ebben az esetben kezdvezm\u00e9nyesen 20 000ft\/f\u0151 \u00e1ron j\u00f6hettek el az alkot\u00f3k\u00f6rre.\u00a0<\/strong><\/p>\n<p>A kedvezm\u00e9nyes \u00e1rat csak abban az esetben tudom megadni, ha mindenkit\u0151l be\u00e9rkezik az utal\u00e1s.<\/p>\n<p><!-- \/wp:paragraph --><\/p>\n<p><!-- wp:paragraph --><\/p>\n<p><!-- \/wp:paragraph --><\/p>\n<p><!-- wp:paragraph --><\/p>\n<p>Az alkot\u00f3k\u00f6r kiscsoportos l\u00e9tsz\u00e1mmal indul. (max. 4 f\u0151)<\/p>\n<p><!-- \/wp:paragraph --><\/p>\n<p><!-- wp:paragraph --><\/p>\n<p>\u00a0<strong>Jelentkez\u00e9s m\u00f3dja:<\/strong>\u00a0Az alkot\u00f3k\u00f6r teljes d\u00edj\u00e1nak \u00e1tutal\u00e1s\u00e1val.<\/p>\n<p><!-- \/wp:paragraph --><\/p>\n<p><!-- wp:paragraph --><\/p>\n<p>OTP Bank \u2013 N\u00e9met Zsolt 11773425-06179849 K\u00e9rlek, hogy az utal\u00e1ssal egyid\u0151ben k\u00fcld el nekem a sz\u00e1mlac\u00edmedet. Csak mag\u00e1nszem\u00e9lyeknek \u00e1ll m\u00f3domban sz\u00e1ml\u00e1t ki\u00e1ll\u00edtani.<\/p>\n<p><!-- \/wp:paragraph --><\/p>\n<p><!-- wp:paragraph --><\/p>\n<p><strong>Ha szeretn\u00e9d Te is k\u00e9zbe venni az \u00e9letedet, gyere el!\u00a0\u00a0<\/strong><\/p>\n<p><!-- \/wp:paragraph --><\/p>\n<p><!-- wp:paragraph --><\/p>\n<p><strong>\u00c9rdekl\u0151d\u00e9sedet, jelentkez\u00e9sedet v\u00e1rom szeretettel!<\/strong><\/p>\n<p><!-- \/wp:paragraph --><\/p>\n<p><!-- wp:paragraph --><\/p>\n<p>Gabi<\/p>\n<p><!-- \/wp:paragraph --><\/p>\t\t\t\t\t\t<\/div>\n\t\t\t\t<\/div>\n\t\t\t\t\t<\/div>\n\t\t\t\t<\/div>\n\t\t<div class=\"elementor-element elementor-element-19f3fb8 e-flex e-con-boxed e-con e-parent\" data-id=\"19f3fb8\" data-element_type=\"container\" data-settings=\"{&quot;content_width&quot;:&quot;boxed&quot;}\" data-core-v316-plus=\"true\">\n\t\t\t\t\t<div class=\"e-con-inner\">\n\t\t<div class=\"elementor-element elementor-element-2c3f6f9 e-con-full e-flex e-con e-child\" data-id=\"2c3f6f9\" data-element_type=\"container\" data-settings=\"{&quot;content_width&quot;:&quot;full&quot;}\">\n\t\t\t\t<div class=\"elementor-element elementor-element-a41801c elementor-widget elementor-widget-shortcode\" data-id=\"a41801c\" data-element_type=\"widget\" data-widget_type=\"shortcode.default\">\n\t\t\t\t<div class=\"elementor-widget-container\">\n\t\t\t\t\t<div class=\"elementor-shortcode\"><div class=\"wpforms-container wpforms-container-full wpforms-render-modern\" id=\"wpforms-320\"><form id=\"wpforms-form-320\" class=\"wpforms-validate wpforms-form wpforms-ajax-form\" data-formid=\"320\" method=\"post\" enctype=\"multipart\/form-data\" action=\"\/index.php\/wp-json\/wp\/v2\/pages\/647\" data-token=\"1f7f76b584a018cf9ec7ff556956261c\"><noscript class=\"wpforms-error-noscript\">Please enable JavaScript in your browser to complete this form.<\/noscript><div class=\"wpforms-hidden\" id=\"wpforms-error-noscript\">Please enable JavaScript in your browser to complete this form.<\/div><div class=\"wpforms-field-container\"><div id=\"wpforms-320-field_0-container\" class=\"wpforms-field wpforms-field-name\" data-field-id=\"0\"><label class=\"wpforms-field-label\" for=\"wpforms-320-field_0\">N\u00e9v <span class=\"wpforms-required-label\" aria-hidden=\"true\">*<\/span><\/label><input type=\"text\" id=\"wpforms-320-field_0\" class=\"wpforms-field-medium wpforms-field-required\" name=\"wpforms[fields][0]\" aria-errormessage=\"wpforms-320-field_0-error\" required><\/div><div id=\"wpforms-320-field_1-container\" class=\"wpforms-field wpforms-field-email\" data-field-id=\"1\"><label class=\"wpforms-field-label\" for=\"wpforms-320-field_1\">E-mail <span class=\"wpforms-required-label\" aria-hidden=\"true\">*<\/span><\/label><input type=\"email\" id=\"wpforms-320-field_1\" class=\"wpforms-field-medium wpforms-field-required\" name=\"wpforms[fields][1]\" spellcheck=\"false\" aria-errormessage=\"wpforms-320-field_1-error\" required><\/div><div id=\"wpforms-320-field_2-container\" class=\"wpforms-field wpforms-field-textarea\" data-field-id=\"2\"><label class=\"wpforms-field-label\" for=\"wpforms-320-field_2\">\u00dczenet<\/label><textarea id=\"wpforms-320-field_2\" class=\"wpforms-field-medium wpforms-limit-characters-enabled\" data-form-id=\"320\" data-field-id=\"2\" data-text-limit=\"2000\" name=\"wpforms[fields][2]\" aria-errormessage=\"wpforms-320-field_2-error\" maxlength=\"2000\" ><\/textarea><\/div><\/div><!-- .wpforms-field-container --><div class=\"wpforms-recaptcha-container wpforms-is-hcaptcha\" ><div class=\"g-recaptcha\" data-sitekey=\"cb59c5ad-0365-4448-9de2-9a442437dbed\"><\/div><input type=\"text\" name=\"g-recaptcha-hidden\" class=\"wpforms-recaptcha-hidden\" style=\"position:absolute!important;clip:rect(0,0,0,0)!important;height:1px!important;width:1px!important;border:0!important;overflow:hidden!important;padding:0!important;margin:0!important;\" data-rule-hcaptcha=\"1\"><\/div><div class=\"wpforms-submit-container\" ><input type=\"hidden\" name=\"wpforms[id]\" value=\"320\"><input type=\"hidden\" name=\"wpforms[author]\" value=\"1\"><button type=\"submit\" name=\"wpforms[submit]\" id=\"wpforms-submit-320\" class=\"wpforms-submit\" data-alt-text=\"Folyamatban...\" data-submit-text=\"K\u00fcld\u00e9s\" aria-live=\"assertive\" value=\"wpforms-submit\">K\u00fcld\u00e9s<\/button><img decoding=\"async\" src=\"https:\/\/belsootthon.hu\/wp-content\/plugins\/wpforms-lite\/assets\/images\/submit-spin.svg\" class=\"wpforms-submit-spinner\" style=\"display: none;\" width=\"26\" height=\"26\" alt=\"Loading\"><\/div><\/form><\/div>  <!-- .wpforms-container --><\/div>\n\t\t\t\t<\/div>\n\t\t\t\t<\/div>\n\t\t\t\t<\/div>\n\t\t<div class=\"elementor-element elementor-element-7076248 e-con-full e-flex e-con e-child\" data-id=\"7076248\" data-element_type=\"container\" data-settings=\"{&quot;content_width&quot;:&quot;full&quot;}\">\n\t\t\t\t<\/div>\n\t\t\t\t\t<\/div>\n\t\t\t\t<\/div>\n\t\t\t\t<\/div>\n\t\t","protected":false},"excerpt":{"rendered":"<p>\u201e\u00c1ldozatb\u00f3l \u00c1ld\u00e1s\u201d A szenved\u00e9s \u00fatj\u00e1t j\u00e1rod, vagy a szenved\u00e9ly\u00e9t? El tudsz tiszta lappal indulni, vagy leh\u00fazod magadat a m\u00faltb\u00f3l hozott \u00f6nkorl\u00e1toz\u00f3 hiedelmeiddel? Hajland\u00f3 vagy szemben\u00e9zni a m\u00faltb\u00f3l hozott terheiddel \u00e9s &hellip; <\/p>\n","protected":false},"author":1,"featured_media":714,"parent":0,"menu_order":0,"comment_status":"closed","ping_status":"closed","template":"","meta":{"ngg_post_thumbnail":0,"footnotes":""},"class_list":["post-647","page","type-page","status-publish","has-post-thumbnail","hentry","latest_post"],"_links":{"self":[{"href":"https:\/\/belsootthon.hu\/index.php\/wp-json\/wp\/v2\/pages\/647","targetHints":{"allow":["GET"]}}],"collection":[{"href":"https:\/\/belsootthon.hu\/index.php\/wp-json\/wp\/v2\/pages"}],"about":[{"href":"https:\/\/belsootthon.hu\/index.php\/wp-json\/wp\/v2\/types\/page"}],"author":[{"embeddable":true,"href":"https:\/\/belsootthon.hu\/index.php\/wp-json\/wp\/v2\/users\/1"}],"replies":[{"embeddable":true,"href":"https:\/\/belsootthon.hu\/index.php\/wp-json\/wp\/v2\/comments?post=647"}],"version-history":[{"count":17,"href":"https:\/\/belsootthon.hu\/index.php\/wp-json\/wp\/v2\/pages\/647\/revisions"}],"predecessor-version":[{"id":1110,"href":"https:\/\/belsootthon.hu\/index.php\/wp-json\/wp\/v2\/pages\/647\/revisions\/1110"}],"wp:featuredmedia":[{"embeddable":true,"href":"https:\/\/belsootthon.hu\/index.php\/wp-json\/wp\/v2\/media\/714"}],"wp:attachment":[{"href":"https:\/\/belsootthon.hu\/index.php\/wp-json\/wp\/v2\/media?parent=647"}],"curies":[{"name":"wp","href":"https:\/\/api.w.org\/{rel}","templated":true}]}}